{"id":8,"date":"2019-02-07T00:28:16","date_gmt":"2019-02-07T03:28:16","guid":{"rendered":"http:\/\/www.wpnux.godaddy.com\/personal\/?page_id=8"},"modified":"2026-03-04T12:48:04","modified_gmt":"2026-03-04T15:48:04","slug":"contactame","status":"publish","type":"page","link":"https:\/\/elprismadefer.com\/en\/contactame\/","title":{"rendered":"Contact me"},"content":{"rendered":"\n<p>\u00bfQuer\u00e9s escribirme con alguna duda sobre un destino, sugerirme algo para cambiar o agregar, proponerme una colaboraci\u00f3n o simplemente decir hola? <\/p>\n\n\n\n<p>Pod\u00e9s usar el formulario que est\u00e1 ac\u00e1 abajo para contactarme. Intento responder todos los mensajes lo antes posible, sobre todo si vienen con buena onda o ganas de sumar.<\/p>\n\n\n<div class=\"wp-block-image\">\n<figure class=\"aligncenter size-full\"><img loading=\"lazy\" decoding=\"async\" width=\"550\" height=\"796\" src=\"https:\/\/elprismadefer.com\/wp-content\/uploads\/2025\/07\/blog_pai00.jpg\" alt=\"Paseando en moto por Pai - Tailandia\" class=\"wp-image-35220\" srcset=\"https:\/\/elprismadefer.com\/wp-content\/uploads\/2025\/07\/blog_pai00.jpg 550w, https:\/\/elprismadefer.com\/wp-content\/uploads\/2025\/07\/blog_pai00-276x400.jpg 276w, https:\/\/elprismadefer.com\/wp-content\/uploads\/2025\/07\/blog_pai00-8x12.jpg 8w\" sizes=\"auto, (max-width: 550px) 100vw, 550px\" \/><figcaption class=\"wp-element-caption\">Paseando en moto por Pai &#8211; Tailandia<\/figcaption><\/figure>\n<\/div>\n\n\n<p>Si ten\u00e9s dudas sobre alg\u00fan tema tratado en un post en particular, por favor <strong>dejalas en los comentarios de dicho post<\/strong>. De esa forma, la respuesta tambi\u00e9n puede servirle a otros lectores. Recibo varios mails con consultas muy buenas que ser\u00eda una l\u00e1stima no poder compartir con el resto.<\/p>\n\n\n\n<p>Tambi\u00e9n pod\u00e9s seguirme en mi cuenta de Instagram <a href=\"https:\/\/www.instagram.com\/el.prisma.de.fer\/\">@el.prisma.de.fer<\/a>, donde estoy compartiendo el diario de viaje por la Ruta de la Seda, un post por cada ciudad que visit\u00e9 durante esta traves\u00eda que me vol\u00f3 la cabeza. <\/p>\n\n\n\n<p>Por favor, ten en cuenta que <strong>no estoy buscando ni aceptando ofertas de servicios de SEO o consultor\u00eda<\/strong>. Ahorremos tiempo para ambas partes<\/p>\n\n\n\n<p>Gracias por pasarte por &#8220;El Prisma de Fer&#8221; y ser parte de este viaje.<\/p>\n\n\n\n<noscript class=\"ninja-forms-noscript-message\">\n\tNotice: JavaScript is required for this content.<\/noscript>\n<div id=\"nf-form-1-cont\" class=\"nf-form-cont\" aria-live=\"polite\" aria-labelledby=\"nf-form-title-1\" aria-describedby=\"nf-form-errors-1\" role=\"form\">\n\n    <div class=\"nf-loading-spinner\"><\/div>\n\n<\/div>\n        <!-- That data is being printed as a workaround to page builders reordering the order of the scripts loaded-->\n        <script>var formDisplay=1;var nfForms=nfForms||[];var form=[];form.id='1';form.settings={\"objectType\":\"Form Setting\",\"editActive\":true,\"title\":\"Contact Form\",\"created_at\":\"2016-03-17 12:41:24\",\"show_title\":\"0\",\"clear_complete\":\"1\",\"hide_complete\":\"1\",\"logged_in\":\"0\",\"currency\":\"usd\",\"add_submit\":\"1\",\"wrapper_class\":\"\",\"element_class\":\"\",\"not_logged_in_msg\":\"\",\"sub_limit_msg\":\"\",\"key\":\"\",\"changeEmailErrorMsg\":\"Por favor, ingrese una direcci\\u00f3n de email valida\",\"changeDateErrorMsg\":\"Please enter a valid date!\",\"confirmFieldErrorMsg\":\"These fields must match!\",\"fieldNumberNumMinError\":\"Number Min Error\",\"fieldNumberNumMaxError\":\"Number Max Error\",\"fieldNumberIncrementBy\":\"Please increment by \",\"formErrorsCorrectErrors\":\"Please correct errors before submitting this form.\",\"validateRequiredField\":\"Este es un campo obligatorio\",\"honeypotHoneypotError\":\"Honeypot Error\",\"fieldsMarkedRequired\":\"Los campos marcados con * son obligatorios\",\"unique_field_error\":\"A form with this value has already been submitted.\",\"calculations\":[],\"formContentData\":[\"nombre_1549591235386\",\"email_1549591184757\",\"mensaje_1549591270217\",\"enviar_1549591281792\"],\"drawerDisabled\":false,\"default_label_pos\":\"above\",\"allow_public_link\":0,\"embed_form\":\"\",\"form_title_heading_level\":\"3\",\"objectDomain\":\"display\",\"ninjaForms\":\"Ninja Forms\",\"fieldTextareaRTEInsertLink\":\"Insert Link\",\"fieldTextareaRTEInsertMedia\":\"Insert Media\",\"fieldTextareaRTESelectAFile\":\"Select a file\",\"formHoneypot\":\"If you are a human seeing this field, please leave it empty.\",\"fileUploadOldCodeFileUploadInProgress\":\"File Upload in Progress.\",\"fileUploadOldCodeFileUpload\":\"FILE UPLOAD\",\"currencySymbol\":\"$\",\"thousands_sep\":\",\",\"decimal_point\":\".\",\"siteLocale\":\"en_US\",\"dateFormat\":\"d\\\/m\\\/Y\",\"startOfWeek\":\"1\",\"of\":\"of\",\"previousMonth\":\"Previous Month\",\"nextMonth\":\"Next Month\",\"months\":[\"January\",\"February\",\"March\",\"April\",\"May\",\"June\",\"July\",\"August\",\"September\",\"October\",\"November\",\"December\"],\"monthsShort\":[\"Jan\",\"Feb\",\"Mar\",\"Apr\",\"May\",\"Jun\",\"Jul\",\"Aug\",\"Sep\",\"Oct\",\"Nov\",\"Dec\"],\"weekdays\":[\"Sunday\",\"Monday\",\"Tuesday\",\"Wednesday\",\"Thursday\",\"Friday\",\"Saturday\"],\"weekdaysShort\":[\"Sun\",\"Mon\",\"Tue\",\"Wed\",\"Thu\",\"Fri\",\"Sat\"],\"weekdaysMin\":[\"Su\",\"Mo\",\"Tu\",\"We\",\"Th\",\"Fr\",\"Sa\"],\"recaptchaConsentMissing\":\"reCaptcha validation couldn&#039;t load.\",\"recaptchaMissingCookie\":\"reCaptcha v3 validation couldn&#039;t load the cookie needed to submit the form.\",\"recaptchaConsentEvent\":\"Accept reCaptcha cookies before sending the form.\",\"currency_symbol\":\"\",\"beforeForm\":\"\",\"beforeFields\":\"\",\"afterFields\":\"\",\"afterForm\":\"\"};form.fields=[{\"objectType\":\"Field\",\"objectDomain\":\"fields\",\"editActive\":false,\"order\":1,\"idAttribute\":\"id\",\"type\":\"firstname\",\"label\":\"Nombre\",\"key\":\"nombre_1549591235386\",\"label_pos\":\"above\",\"required\":1,\"default\":\"\",\"placeholder\":\"\",\"container_class\":\"\",\"element_class\":\"\",\"admin_label\":\"\",\"help_text\":\"\",\"custom_name_attribute\":\"fname\",\"personally_identifiable\":1,\"value\":\"\",\"id\":1,\"beforeField\":\"\",\"afterField\":\"\",\"parentType\":\"firstname\",\"element_templates\":[\"firstname\",\"input\"],\"old_classname\":\"\",\"wrap_template\":\"wrap\"},{\"objectType\":\"Field\",\"objectDomain\":\"fields\",\"editActive\":false,\"order\":2,\"idAttribute\":\"id\",\"type\":\"email\",\"label\":\"Email\",\"key\":\"email_1549591184757\",\"label_pos\":\"above\",\"required\":1,\"default\":\"\",\"placeholder\":\"\",\"container_class\":\"\",\"element_class\":\"\",\"admin_label\":\"\",\"help_text\":\"\",\"custom_name_attribute\":\"email\",\"personally_identifiable\":1,\"value\":\"\",\"id\":2,\"beforeField\":\"\",\"afterField\":\"\",\"parentType\":\"email\",\"element_templates\":[\"email\",\"input\"],\"old_classname\":\"\",\"wrap_template\":\"wrap\"},{\"objectType\":\"Field\",\"objectDomain\":\"fields\",\"editActive\":false,\"order\":3,\"idAttribute\":\"id\",\"type\":\"textarea\",\"label\":\"Mensaje\",\"key\":\"mensaje_1549591270217\",\"label_pos\":\"above\",\"required\":1,\"default\":\"\",\"placeholder\":\"\",\"container_class\":\"\",\"element_class\":\"\",\"input_limit\":\"\",\"input_limit_type\":\"characters\",\"input_limit_msg\":\"Character(s) left\",\"manual_key\":false,\"admin_label\":\"\",\"help_text\":\"\",\"textarea_rte\":\"\",\"disable_rte_mobile\":\"\",\"textarea_media\":\"\",\"value\":\"\",\"id\":3,\"beforeField\":\"\",\"afterField\":\"\",\"parentType\":\"textarea\",\"element_templates\":[\"textarea\",\"input\"],\"old_classname\":\"\",\"wrap_template\":\"wrap\"},{\"objectType\":\"Field\",\"objectDomain\":\"fields\",\"editActive\":false,\"order\":4,\"idAttribute\":\"id\",\"type\":\"submit\",\"label\":\"Enviar\",\"processing_label\":\"Enviando\",\"container_class\":\"\",\"element_class\":\"\",\"key\":\"enviar_1549591281792\",\"drawerDisabled\":false,\"admin_label\":\"\",\"id\":5,\"beforeField\":\"\",\"afterField\":\"\",\"value\":\"\",\"label_pos\":\"above\",\"parentType\":\"textbox\",\"element_templates\":[\"submit\",\"button\",\"input\"],\"old_classname\":\"\",\"wrap_template\":\"wrap-no-label\"}];nfForms.push(form);<\/script>\n        \n","protected":false},"excerpt":{"rendered":"<p>\u00bfQuer\u00e9s escribirme con alguna duda sobre un destino, sugerirme algo para cambiar o agregar, proponerme una colaboraci\u00f3n o simplemente decir hola? Pod\u00e9s usar el formulario que est\u00e1 ac\u00e1 abajo para&#8230;<\/p>","protected":false},"author":1,"featured_media":0,"parent":0,"menu_order":0,"comment_status":"closed","ping_status":"closed","template":"","meta":{"_mo_disable_npp":"","footnotes":""},"class_list":["post-8","page","type-page","status-publish","hentry"],"yoast_head":"<!-- This site is optimized with the Yoast SEO plugin v27.5 - https:\/\/yoast.com\/product\/yoast-seo-wordpress\/ -->\n<title>Contactame - El Prisma de Fer<\/title>\n<meta name=\"description\" content=\"\u00bfTen\u00e9s preguntas, sugerencias o quer\u00e9s colaborar? Usa este formulario para contactar. Resuelvo tus dudas lo antes posible.\" \/>\n<meta name=\"robots\" content=\"index, follow, max-snippet:-1, max-image-preview:large, max-video-preview:-1\" \/>\n<link rel=\"canonical\" href=\"https:\/\/elprismadefer.com\/en\/contactame\/\" \/>\n<meta property=\"og:locale\" content=\"en_US\" \/>\n<meta property=\"og:type\" content=\"article\" \/>\n<meta property=\"og:title\" content=\"Contactame - El Prisma de Fer\" \/>\n<meta property=\"og:description\" content=\"\u00bfTen\u00e9s preguntas, sugerencias o quer\u00e9s colaborar? Usa este formulario para contactar. Resuelvo tus dudas lo antes posible.\" \/>\n<meta property=\"og:url\" content=\"https:\/\/elprismadefer.com\/en\/contactame\/\" \/>\n<meta property=\"og:site_name\" content=\"El Prisma de Fer\" \/>\n<meta property=\"article:modified_time\" content=\"2026-03-04T15:48:04+00:00\" \/>\n<meta property=\"og:image\" content=\"https:\/\/elprismadefer.com\/wp-content\/uploads\/2025\/07\/blog_pai00.jpg\" \/>\n\t<meta property=\"og:image:width\" content=\"550\" \/>\n\t<meta property=\"og:image:height\" content=\"796\" \/>\n\t<meta property=\"og:image:type\" content=\"image\/jpeg\" \/>\n<meta name=\"twitter:card\" content=\"summary_large_image\" \/>\n<meta name=\"twitter:site\" content=\"@prismaDeFer\" \/>\n<meta name=\"twitter:label1\" content=\"Est. reading time\" \/>\n\t<meta name=\"twitter:data1\" content=\"2 minutes\" \/>\n<script type=\"application\/ld+json\" class=\"yoast-schema-graph\">{\"@context\":\"https:\\\/\\\/schema.org\",\"@graph\":[{\"@type\":\"WebPage\",\"@id\":\"https:\\\/\\\/elprismadefer.com\\\/contactame\\\/\",\"url\":\"https:\\\/\\\/elprismadefer.com\\\/contactame\\\/\",\"name\":\"Contactame - El Prisma de Fer\",\"isPartOf\":{\"@id\":\"https:\\\/\\\/elprismadefer.com\\\/#website\"},\"primaryImageOfPage\":{\"@id\":\"https:\\\/\\\/elprismadefer.com\\\/contactame\\\/#primaryimage\"},\"image\":{\"@id\":\"https:\\\/\\\/elprismadefer.com\\\/contactame\\\/#primaryimage\"},\"thumbnailUrl\":\"https:\\\/\\\/elprismadefer.com\\\/wp-content\\\/uploads\\\/2025\\\/07\\\/blog_pai00.jpg\",\"datePublished\":\"2019-02-07T03:28:16+00:00\",\"dateModified\":\"2026-03-04T15:48:04+00:00\",\"description\":\"Do you have questions, suggestions, or want to collaborate? Use this form to contact me. I'll answer your questions as soon as possible.\",\"breadcrumb\":{\"@id\":\"https:\\\/\\\/elprismadefer.com\\\/contactame\\\/#breadcrumb\"},\"inLanguage\":\"en-US\",\"potentialAction\":[{\"@type\":\"ReadAction\",\"target\":[\"https:\\\/\\\/elprismadefer.com\\\/contactame\\\/\"]}],\"headline\":\"Contact me\"},{\"@type\":\"ImageObject\",\"inLanguage\":\"en-US\",\"@id\":\"https:\\\/\\\/elprismadefer.com\\\/contactame\\\/#primaryimage\",\"url\":\"https:\\\/\\\/elprismadefer.com\\\/wp-content\\\/uploads\\\/2025\\\/07\\\/blog_pai00.jpg\",\"contentUrl\":\"https:\\\/\\\/elprismadefer.com\\\/wp-content\\\/uploads\\\/2025\\\/07\\\/blog_pai00.jpg\"},{\"@type\":\"BreadcrumbList\",\"@id\":\"https:\\\/\\\/elprismadefer.com\\\/contactame\\\/#breadcrumb\",\"itemListElement\":[{\"@type\":\"ListItem\",\"position\":1,\"name\":\"Inicio\",\"item\":\"https:\\\/\\\/elprismadefer.com\\\/\"},{\"@type\":\"ListItem\",\"position\":2,\"name\":\"Contactame\"}]},{\"@type\":\"WebSite\",\"@id\":\"https:\\\/\\\/elprismadefer.com\\\/#website\",\"url\":\"https:\\\/\\\/elprismadefer.com\\\/\",\"name\":\"El Prisma de Fer\",\"description\":\"Blog de viajes\",\"publisher\":{\"@id\":\"https:\\\/\\\/elprismadefer.com\\\/#\\\/schema\\\/person\\\/7e3e4fb7491a837023acaddd2ac658d7\"},\"potentialAction\":[{\"@type\":\"SearchAction\",\"target\":{\"@type\":\"EntryPoint\",\"urlTemplate\":\"https:\\\/\\\/elprismadefer.com\\\/?s={search_term_string}\"},\"query-input\":{\"@type\":\"PropertyValueSpecification\",\"valueRequired\":true,\"valueName\":\"search_term_string\"}}],\"inLanguage\":\"en-US\"},{\"@type\":\"Person\",\"@id\":\"https:\\\/\\\/elprismadefer.com\\\/#\\\/schema\\\/person\\\/7e3e4fb7491a837023acaddd2ac658d7\",\"name\":\"Fernando\",\"image\":{\"@type\":\"ImageObject\",\"inLanguage\":\"en-US\",\"@id\":\"https:\\\/\\\/elprismadefer.com\\\/wp-content\\\/uploads\\\/2025\\\/10\\\/blog_khiva31_home.webp\",\"url\":\"https:\\\/\\\/elprismadefer.com\\\/wp-content\\\/uploads\\\/2025\\\/10\\\/blog_khiva31_home.webp\",\"contentUrl\":\"https:\\\/\\\/elprismadefer.com\\\/wp-content\\\/uploads\\\/2025\\\/10\\\/blog_khiva31_home.webp\",\"width\":2000,\"height\":900,\"caption\":\"Fernando\"},\"description\":\"Fernando is a full-stack developer and independent traveler with years of experience exploring diverse destinations around the world, particularly in Asia and South America. Among his most notable journeys was the one he made along the Silk Road, from China to T\u00fcrkiye, also visiting the Indian subcontinent. Specializing in travel logistics in remote regions, he combines his analytical skills as a programmer with his field experience to create clear, precise guides accompanied by detailed maps. Through The Prism of Fer (\\\"El Prisma de Fer in spanish\\\"), he aims to make complex destinations accessible in a simple way, providing firsthand, verified information based on real-life experiences.\",\"sameAs\":[\"https:\\\/\\\/www.elprismadefer.com\\\/\",\"https:\\\/\\\/www.instagram.com\\\/el.prisma.de.fer\",\"https:\\\/\\\/www.linkedin.com\\\/in\\\/fernando-ca\u00edno-9b67a51b\\\/\",\"https:\\\/\\\/ar.pinterest.com\\\/elPrismaDeFer\\\/\",\"https:\\\/\\\/x.com\\\/prismaDeFer\",\"https:\\\/\\\/www.youtube.com\\\/@elprismadefer\",\"https:\\\/\\\/www.tumblr.com\\\/blog\\\/elprismadefer-blog\",\"https:\\\/\\\/www.tiktok.com\\\/@el.prisma.de.fer\",\"https:\\\/\\\/mastodon.social\\\/@elPrismaDeFer\",\"https:\\\/\\\/bsky.app\\\/profile\\\/theprismoffer.bsky.social\",\"https:\\\/\\\/www.reddit.com\\\/user\\\/the_Prism_of_Fer\\\/\",\"https:\\\/\\\/www.quora.com\\\/profile\\\/The-Prism-of-Fer\",\"https:\\\/\\\/www.tripadvisor.com\\\/Profile\\\/elPrismaDeFer\",\"https:\\\/\\\/www.google.com\\\/maps\\\/contrib\\\/104813403271976363413\\\/reviews\\\/@-4.2707352,-22.364449,3z\\\/data=!3m1!4b1!4m3!8m2!3m1!1e1?entry=ttu&g_ep=EgoyMDI2MDMxMS4wIKXMDSoASAFQAw%3D%3D\"],\"jobTitle\":\"Full-stack Developer & Travel Blogger\",\"alternateName\":[\"The Prism of Fer\",\"El Prisma de Fer\"],\"url\":\"https:\\\/\\\/elprismadefer.com\\\/en\\\/sobre-el-prisma-de-fer\\\/\",\"knowsAbout\":[\"Travel Photography\",\"Independent travel in all Asia (Central, South, East, Southeast, Caucasus)\",\"Independent travel in South America\",\"Silk Road history and logistics\",\"Long-distance trekking and hiking\",\"Full-stack Web Development (React, PHP, MySQL)\",\"Search Engine Optimization (SEO) for Travel Blogs\"]}]}<\/script>\n<!-- \/ Yoast SEO plugin. -->","yoast_head_json":{"title":"Contactame - El Prisma de Fer","description":"\u00bfTen\u00e9s preguntas, sugerencias o quer\u00e9s colaborar? Usa este formulario para contactar. Resuelvo tus dudas lo antes posible.","robots":{"index":"index","follow":"follow","max-snippet":"max-snippet:-1","max-image-preview":"max-image-preview:large","max-video-preview":"max-video-preview:-1"},"canonical":"https:\/\/elprismadefer.com\/en\/contactame\/","og_locale":"en_US","og_type":"article","og_title":"Contactame - El Prisma de Fer","og_description":"\u00bfTen\u00e9s preguntas, sugerencias o quer\u00e9s colaborar? Usa este formulario para contactar. Resuelvo tus dudas lo antes posible.","og_url":"https:\/\/elprismadefer.com\/en\/contactame\/","og_site_name":"El Prisma de Fer","article_modified_time":"2026-03-04T15:48:04+00:00","og_image":[{"width":550,"height":796,"url":"https:\/\/elprismadefer.com\/wp-content\/uploads\/2025\/07\/blog_pai00.jpg","type":"image\/jpeg"}],"twitter_card":"summary_large_image","twitter_site":"@prismaDeFer","twitter_misc":{"Est. reading time":"2 minutes"},"schema":{"@context":"https:\/\/schema.org","@graph":[{"@type":"WebPage","@id":"https:\/\/elprismadefer.com\/contactame\/","url":"https:\/\/elprismadefer.com\/contactame\/","name":"Contactame - El Prisma de Fer","isPartOf":{"@id":"https:\/\/elprismadefer.com\/#website"},"primaryImageOfPage":{"@id":"https:\/\/elprismadefer.com\/contactame\/#primaryimage"},"image":{"@id":"https:\/\/elprismadefer.com\/contactame\/#primaryimage"},"thumbnailUrl":"https:\/\/elprismadefer.com\/wp-content\/uploads\/2025\/07\/blog_pai00.jpg","datePublished":"2019-02-07T03:28:16+00:00","dateModified":"2026-03-04T15:48:04+00:00","description":"Do you have questions, suggestions, or want to collaborate? Use this form to contact me. I'll answer your questions as soon as possible.","breadcrumb":{"@id":"https:\/\/elprismadefer.com\/contactame\/#breadcrumb"},"inLanguage":"en-US","potentialAction":[{"@type":"ReadAction","target":["https:\/\/elprismadefer.com\/contactame\/"]}],"headline":"Contact me"},{"@type":"ImageObject","inLanguage":"en-US","@id":"https:\/\/elprismadefer.com\/contactame\/#primaryimage","url":"https:\/\/elprismadefer.com\/wp-content\/uploads\/2025\/07\/blog_pai00.jpg","contentUrl":"https:\/\/elprismadefer.com\/wp-content\/uploads\/2025\/07\/blog_pai00.jpg"},{"@type":"BreadcrumbList","@id":"https:\/\/elprismadefer.com\/contactame\/#breadcrumb","itemListElement":[{"@type":"ListItem","position":1,"name":"Inicio","item":"https:\/\/elprismadefer.com\/"},{"@type":"ListItem","position":2,"name":"Contactame"}]},{"@type":"WebSite","@id":"https:\/\/elprismadefer.com\/#website","url":"https:\/\/elprismadefer.com\/","name":"The Prism of Fer","description":"Blog de viajes","publisher":{"@id":"https:\/\/elprismadefer.com\/#\/schema\/person\/7e3e4fb7491a837023acaddd2ac658d7"},"potentialAction":[{"@type":"SearchAction","target":{"@type":"EntryPoint","urlTemplate":"https:\/\/elprismadefer.com\/?s={search_term_string}"},"query-input":{"@type":"PropertyValueSpecification","valueRequired":true,"valueName":"search_term_string"}}],"inLanguage":"en-US"},{"@type":"Person","@id":"https:\/\/elprismadefer.com\/#\/schema\/person\/7e3e4fb7491a837023acaddd2ac658d7","name":"Fernando","image":{"@type":"ImageObject","inLanguage":"en-US","@id":"https:\/\/elprismadefer.com\/wp-content\/uploads\/2025\/10\/blog_khiva31_home.webp","url":"https:\/\/elprismadefer.com\/wp-content\/uploads\/2025\/10\/blog_khiva31_home.webp","contentUrl":"https:\/\/elprismadefer.com\/wp-content\/uploads\/2025\/10\/blog_khiva31_home.webp","width":2000,"height":900,"caption":"Fernando"},"description":"Fernando is a full-stack developer and independent traveler with years of experience exploring diverse destinations around the world, particularly in Asia and South America. Among his most notable journeys was the one he made along the Silk Road, from China to T\u00fcrkiye, also visiting the Indian subcontinent. Specializing in travel logistics in remote regions, he combines his analytical skills as a programmer with his field experience to create clear, precise guides accompanied by detailed maps. Through The Prism of Fer (\"El Prisma de Fer in spanish\"), he aims to make complex destinations accessible in a simple way, providing firsthand, verified information based on real-life experiences.","sameAs":["https:\/\/www.elprismadefer.com\/","https:\/\/www.instagram.com\/el.prisma.de.fer","https:\/\/www.linkedin.com\/in\/fernando-ca\u00edno-9b67a51b\/","https:\/\/ar.pinterest.com\/elPrismaDeFer\/","https:\/\/x.com\/prismaDeFer","https:\/\/www.youtube.com\/@elprismadefer","https:\/\/www.tumblr.com\/blog\/elprismadefer-blog","https:\/\/www.tiktok.com\/@el.prisma.de.fer","https:\/\/mastodon.social\/@elPrismaDeFer","https:\/\/bsky.app\/profile\/theprismoffer.bsky.social","https:\/\/www.reddit.com\/user\/the_Prism_of_Fer\/","https:\/\/www.quora.com\/profile\/The-Prism-of-Fer","https:\/\/www.tripadvisor.com\/Profile\/elPrismaDeFer","https:\/\/www.google.com\/maps\/contrib\/104813403271976363413\/reviews\/@-4.2707352,-22.364449,3z\/data=!3m1!4b1!4m3!8m2!3m1!1e1?entry=ttu&g_ep=EgoyMDI2MDMxMS4wIKXMDSoASAFQAw%3D%3D"],"jobTitle":"Full-stack Developer & Travel Blogger","alternateName":["The Prism of Fer","El Prisma de Fer"],"url":"https:\/\/elprismadefer.com\/en\/sobre-el-prisma-de-fer\/","knowsAbout":["Travel Photography","Independent travel in all Asia (Central, South, East, Southeast, Caucasus)","Independent travel in South America","Silk Road history and logistics","Long-distance trekking and hiking","Full-stack Web Development (React, PHP, MySQL)","Search Engine Optimization (SEO) for Travel Blogs"]}]}},"rttpg_featured_image_url":null,"rttpg_author":{"display_name":"Fernando","author_link":"https:\/\/elprismadefer.com\/en\/sobre-el-prisma-de-fer\/"},"rttpg_comment":0,"rttpg_category":null,"rttpg_excerpt":"\u00bfQuer\u00e9s escribirme con alguna duda sobre un destino, sugerirme algo para cambiar o agregar, proponerme una colaboraci\u00f3n o simplemente decir hola? Pod\u00e9s usar el formulario que est\u00e1 ac\u00e1 abajo para...","_links":{"self":[{"href":"https:\/\/elprismadefer.com\/en\/wp-json\/wp\/v2\/pages\/8","targetHints":{"allow":["GET"]}}],"collection":[{"href":"https:\/\/elprismadefer.com\/en\/wp-json\/wp\/v2\/pages"}],"about":[{"href":"https:\/\/elprismadefer.com\/en\/wp-json\/wp\/v2\/types\/page"}],"author":[{"embeddable":true,"href":"https:\/\/elprismadefer.com\/en\/wp-json\/wp\/v2\/users\/1"}],"replies":[{"embeddable":true,"href":"https:\/\/elprismadefer.com\/en\/wp-json\/wp\/v2\/comments?post=8"}],"version-history":[{"count":4,"href":"https:\/\/elprismadefer.com\/en\/wp-json\/wp\/v2\/pages\/8\/revisions"}],"predecessor-version":[{"id":43521,"href":"https:\/\/elprismadefer.com\/en\/wp-json\/wp\/v2\/pages\/8\/revisions\/43521"}],"wp:attachment":[{"href":"https:\/\/elprismadefer.com\/en\/wp-json\/wp\/v2\/media?parent=8"}],"curies":[{"name":"wp","href":"https:\/\/api.w.org\/{rel}","templated":true}]}}