{"id":40471,"date":"2025-09-18T10:51:21","date_gmt":"2025-09-18T13:51:21","guid":{"rendered":"https:\/\/elprismadefer.com\/?page_id=40471"},"modified":"2025-09-18T10:51:32","modified_gmt":"2025-09-18T13:51:32","slug":"terminos-y-condiciones","status":"publish","type":"page","link":"https:\/\/elprismadefer.com\/en\/terminos-y-condiciones\/","title":{"rendered":"Terms and Conditions"},"content":{"rendered":"<p>By accessing the website https:\/\/elprismadefer.com, you agree to these Terms of Service and all applicable laws and regulations, and you are responsible for compliance with any applicable local laws. If you do not agree to any of these terms, you are prohibited from using or accessing this site. The materials on this website are protected by applicable copyright and trademark laws.<\/p>\n\n\n\n<h2 class=\"wp-block-heading\">Legal notice<\/h2>\n\n\n\n<p>The materials on El Prisma de Fer's website are provided \"as is.\" El Prisma de Fer's blog makes no warranties, expressed or implied, and hereby disclaims and negates all other warranties, including, without limitation, implied warranties or conditions of merchantability, fitness for a particular purpose, or non-infringement of intellectual property or other violation of rights.<\/p>\n\n\n\n<p>Furthermore, El Prisma de Fer's blog does not warrant or make any representations concerning the accuracy, likely results, or reliability of the use of the materials on its website or otherwise relating to such materials or on any sites linked to this site.<\/p>\n\n\n\n<h2 class=\"wp-block-heading\">Limitations<\/h2>\n\n\n\n<p>In no event shall El Prisma de Fer's blog or its suppliers be liable for any damages (including, without limitation, damages for loss of data or profit, or due to business interruption,) arising out of the use or inability to use the materials on El Prisma de Fer's blog's website, even if El Prisma de Fer's blog or a El Prisma de Fer's blog authorized representative has been notified orally or in writing of the possibility of such damage. Because some jurisdictions do not allow limitations on implied warranties, or limitations of liability for consequential or incidental damages, these limitations may not apply to you.<\/p>\n\n\n\n<h2 class=\"wp-block-heading\">Materials precision<\/h2>\n\n\n\n<p>The materials appearing on El Prisma de Fer's blog website could include technical, typographical, or photographic errors. El Prisma de Fer's blog does not warrant the accuracy, completeness, or timeliness of the materials on its website. El Prisma de Fer's blog may modify the materials on its website at any time without notice. However, it makes no commitment to update them.<\/p>\n\n\n\n<h2 class=\"wp-block-heading\">Links<\/h2>\n\n\n\n<p>The El Prisma de Fer blog has not reviewed all of the sites linked to its website and is not responsible for their content. The inclusion of a link does not imply endorsement of the site by the El Prisma de Fer blog. Use of these linked websites is at the user's own risk.<\/p>\n\n\n\n<h2 class=\"wp-block-heading\">Affiliates and sponsorships<\/h2>\n\n\n\n<p>The El Prisma de Fer blog participates in the Awin Affiliate Program, Booking.com, Civititatis, GetYourGuide, and many other affiliate programs designed to provide us with a means to earn commissions through links to affiliate sites.<\/p>\n\n\n\n<p>In short, every time you purchase something through a link on the El Prisma de Fer blog, we may earn a small commission at no additional cost to you. This is how we fund our blog and keep it running free for everyone, so if you'd like to support it, feel free to purchase through us.<\/p>\n\n\n\n<p>We make sure we only recommend products we use or believe in, and all opinions about these products are personal and unbiased.<\/p>\n\n\n\n<h2 class=\"wp-block-heading\">Payments and Transactions<\/h2>\n\n\n\n<p class=\"translation-block\">When purchasing products from El Prisma de Fer's blog, you will be redirected to the Gumroad payment processing platform. All financial transactions and the handling of your payment information are handled directly by Gumroad.<\/p>\n\n\n\n<p>To ensure the security and privacy of your data, we do not process, store, or have access to your credit card, debit card, or other payment method information. The Gumroad platform operates under its own Terms of Service and Privacy Policy, which we recommend you review before making any purchases.<\/p>\n\n\n\n<h2 class=\"wp-block-heading\">Refund Policy<\/h2>\n\n\n\n<p>All sales are final and no refunds will be issued. <\/p>\n\n\n\n<h2 class=\"wp-block-heading\">Modifications<\/h2>\n\n\n\n<p>The El Prisma de Fer Blog may revise these terms of service for its website at any time without prior notice. By using this website, you agree to be bound by the current version of these terms of service.<\/p>\n\n\n\n<h2 class=\"wp-block-heading\">Applicable law<\/h2>\n\n\n\n<p>These terms and conditions are governed by and construed in accordance with the laws of Argentina, and you irrevocably submit to the exclusive jurisdiction of the courts in that state or location.<\/p>","protected":false},"excerpt":{"rendered":"<p>Al acceder al sitio web https:\/\/elprismadefer.com, usted acepta estas condiciones de servicio y todas las leyes y normativas aplicables, y se responsabiliza del cumplimiento de las leyes locales aplicables. Si&#8230;<\/p>","protected":false},"author":1,"featured_media":0,"parent":0,"menu_order":0,"comment_status":"closed","ping_status":"closed","template":"","meta":{"_mo_disable_npp":"","footnotes":""},"class_list":["post-40471","page","type-page","status-publish","hentry"],"yoast_head":"<!-- This site is optimized with the Yoast SEO plugin v27.5 - https:\/\/yoast.com\/product\/yoast-seo-wordpress\/ -->\n<title>T\u00e9rminos y Condiciones - El Prisma de Fer<\/title>\n<meta name=\"description\" content=\"Todos los t\u00e9rminos y condiciones al usar el blog de El Prisma de Fer. Nos esforzamos por brindar informaci\u00f3n de viajes precisa, pero no podemos garantizar su exactitud al momento de su lectura.\" \/>\n<meta name=\"robots\" content=\"index, follow, max-snippet:-1, max-image-preview:large, max-video-preview:-1\" \/>\n<link rel=\"canonical\" href=\"https:\/\/elprismadefer.com\/en\/terminos-y-condiciones\/\" \/>\n<meta property=\"og:locale\" content=\"en_US\" \/>\n<meta property=\"og:type\" content=\"article\" \/>\n<meta property=\"og:title\" content=\"T\u00e9rminos y Condiciones - El Prisma de Fer\" \/>\n<meta property=\"og:description\" content=\"Todos los t\u00e9rminos y condiciones al usar el blog de El Prisma de Fer. Nos esforzamos por brindar informaci\u00f3n de viajes precisa, pero no podemos garantizar su exactitud al momento de su lectura.\" \/>\n<meta property=\"og:url\" content=\"https:\/\/elprismadefer.com\/en\/terminos-y-condiciones\/\" \/>\n<meta property=\"og:site_name\" content=\"El Prisma de Fer\" \/>\n<meta property=\"article:modified_time\" content=\"2025-09-18T13:51:32+00:00\" \/>\n<meta name=\"twitter:card\" content=\"summary_large_image\" \/>\n<meta name=\"twitter:site\" content=\"@prismaDeFer\" \/>\n<meta name=\"twitter:label1\" content=\"Est. reading time\" \/>\n\t<meta name=\"twitter:data1\" content=\"4 minutes\" \/>\n<script type=\"application\/ld+json\" class=\"yoast-schema-graph\">{\"@context\":\"https:\\\/\\\/schema.org\",\"@graph\":[{\"@type\":\"WebPage\",\"@id\":\"https:\\\/\\\/elprismadefer.com\\\/terminos-y-condiciones\\\/\",\"url\":\"https:\\\/\\\/elprismadefer.com\\\/terminos-y-condiciones\\\/\",\"name\":\"T\u00e9rminos y Condiciones - El Prisma de Fer\",\"isPartOf\":{\"@id\":\"https:\\\/\\\/elprismadefer.com\\\/#website\"},\"datePublished\":\"2025-09-18T13:51:21+00:00\",\"dateModified\":\"2025-09-18T13:51:32+00:00\",\"description\":\"All the terms & agreement when using The Prism of Fer blog. We strive for accurate travel info, but can't guarantee its accuracy at the time of your reading.\",\"breadcrumb\":{\"@id\":\"https:\\\/\\\/elprismadefer.com\\\/terminos-y-condiciones\\\/#breadcrumb\"},\"inLanguage\":\"en-US\",\"potentialAction\":[{\"@type\":\"ReadAction\",\"target\":[\"https:\\\/\\\/elprismadefer.com\\\/terminos-y-condiciones\\\/\"]}],\"headline\":\"Terms & agreement\"},{\"@type\":\"BreadcrumbList\",\"@id\":\"https:\\\/\\\/elprismadefer.com\\\/terminos-y-condiciones\\\/#breadcrumb\",\"itemListElement\":[{\"@type\":\"ListItem\",\"position\":1,\"name\":\"Inicio\",\"item\":\"https:\\\/\\\/elprismadefer.com\\\/\"},{\"@type\":\"ListItem\",\"position\":2,\"name\":\"T\u00e9rminos y Condiciones\"}]},{\"@type\":\"WebSite\",\"@id\":\"https:\\\/\\\/elprismadefer.com\\\/#website\",\"url\":\"https:\\\/\\\/elprismadefer.com\\\/\",\"name\":\"El Prisma de Fer\",\"description\":\"Blog de viajes\",\"publisher\":{\"@id\":\"https:\\\/\\\/elprismadefer.com\\\/#\\\/schema\\\/person\\\/7e3e4fb7491a837023acaddd2ac658d7\"},\"potentialAction\":[{\"@type\":\"SearchAction\",\"target\":{\"@type\":\"EntryPoint\",\"urlTemplate\":\"https:\\\/\\\/elprismadefer.com\\\/?s={search_term_string}\"},\"query-input\":{\"@type\":\"PropertyValueSpecification\",\"valueRequired\":true,\"valueName\":\"search_term_string\"}}],\"inLanguage\":\"en-US\"},{\"@type\":\"Person\",\"@id\":\"https:\\\/\\\/elprismadefer.com\\\/#\\\/schema\\\/person\\\/7e3e4fb7491a837023acaddd2ac658d7\",\"name\":\"Fernando\",\"image\":{\"@type\":\"ImageObject\",\"inLanguage\":\"en-US\",\"@id\":\"https:\\\/\\\/elprismadefer.com\\\/wp-content\\\/uploads\\\/2025\\\/10\\\/blog_khiva31_home.webp\",\"url\":\"https:\\\/\\\/elprismadefer.com\\\/wp-content\\\/uploads\\\/2025\\\/10\\\/blog_khiva31_home.webp\",\"contentUrl\":\"https:\\\/\\\/elprismadefer.com\\\/wp-content\\\/uploads\\\/2025\\\/10\\\/blog_khiva31_home.webp\",\"width\":2000,\"height\":900,\"caption\":\"Fernando\"},\"description\":\"Fernando is a full-stack developer and independent traveler with years of experience exploring diverse destinations around the world, particularly in Asia and South America. Among his most notable journeys was the one he made along the Silk Road, from China to T\u00fcrkiye, also visiting the Indian subcontinent. Specializing in travel logistics in remote regions, he combines his analytical skills as a programmer with his field experience to create clear, precise guides accompanied by detailed maps. Through The Prism of Fer (\\\"El Prisma de Fer in spanish\\\"), he aims to make complex destinations accessible in a simple way, providing firsthand, verified information based on real-life experiences.\",\"sameAs\":[\"https:\\\/\\\/www.elprismadefer.com\\\/\",\"https:\\\/\\\/www.instagram.com\\\/el.prisma.de.fer\",\"https:\\\/\\\/www.linkedin.com\\\/in\\\/fernando-ca\u00edno-9b67a51b\\\/\",\"https:\\\/\\\/ar.pinterest.com\\\/elPrismaDeFer\\\/\",\"https:\\\/\\\/x.com\\\/prismaDeFer\",\"https:\\\/\\\/www.youtube.com\\\/@elprismadefer\",\"https:\\\/\\\/www.tumblr.com\\\/blog\\\/elprismadefer-blog\",\"https:\\\/\\\/www.tiktok.com\\\/@el.prisma.de.fer\",\"https:\\\/\\\/mastodon.social\\\/@elPrismaDeFer\",\"https:\\\/\\\/bsky.app\\\/profile\\\/theprismoffer.bsky.social\",\"https:\\\/\\\/www.reddit.com\\\/user\\\/the_Prism_of_Fer\\\/\",\"https:\\\/\\\/www.quora.com\\\/profile\\\/The-Prism-of-Fer\",\"https:\\\/\\\/www.tripadvisor.com\\\/Profile\\\/elPrismaDeFer\",\"https:\\\/\\\/www.google.com\\\/maps\\\/contrib\\\/104813403271976363413\\\/reviews\\\/@-4.2707352,-22.364449,3z\\\/data=!3m1!4b1!4m3!8m2!3m1!1e1?entry=ttu&g_ep=EgoyMDI2MDMxMS4wIKXMDSoASAFQAw%3D%3D\"],\"jobTitle\":\"Full-stack Developer & Travel Blogger\",\"alternateName\":[\"The Prism of Fer\",\"El Prisma de Fer\"],\"url\":\"https:\\\/\\\/elprismadefer.com\\\/en\\\/sobre-el-prisma-de-fer\\\/\",\"knowsAbout\":[\"Travel Photography\",\"Independent travel in all Asia (Central, South, East, Southeast, Caucasus)\",\"Independent travel in South America\",\"Silk Road history and logistics\",\"Long-distance trekking and hiking\",\"Full-stack Web Development (React, PHP, MySQL)\",\"Search Engine Optimization (SEO) for Travel Blogs\"]}]}<\/script>\n<!-- \/ Yoast SEO plugin. -->","yoast_head_json":{"title":"T\u00e9rminos y Condiciones - El Prisma de Fer","description":"Todos los t\u00e9rminos y condiciones al usar el blog de El Prisma de Fer. Nos esforzamos por brindar informaci\u00f3n de viajes precisa, pero no podemos garantizar su exactitud al momento de su lectura.","robots":{"index":"index","follow":"follow","max-snippet":"max-snippet:-1","max-image-preview":"max-image-preview:large","max-video-preview":"max-video-preview:-1"},"canonical":"https:\/\/elprismadefer.com\/en\/terminos-y-condiciones\/","og_locale":"en_US","og_type":"article","og_title":"T\u00e9rminos y Condiciones - El Prisma de Fer","og_description":"Todos los t\u00e9rminos y condiciones al usar el blog de El Prisma de Fer. Nos esforzamos por brindar informaci\u00f3n de viajes precisa, pero no podemos garantizar su exactitud al momento de su lectura.","og_url":"https:\/\/elprismadefer.com\/en\/terminos-y-condiciones\/","og_site_name":"El Prisma de Fer","article_modified_time":"2025-09-18T13:51:32+00:00","twitter_card":"summary_large_image","twitter_site":"@prismaDeFer","twitter_misc":{"Est. reading time":"4 minutes"},"schema":{"@context":"https:\/\/schema.org","@graph":[{"@type":"WebPage","@id":"https:\/\/elprismadefer.com\/terminos-y-condiciones\/","url":"https:\/\/elprismadefer.com\/terminos-y-condiciones\/","name":"T\u00e9rminos y Condiciones - El Prisma de Fer","isPartOf":{"@id":"https:\/\/elprismadefer.com\/#website"},"datePublished":"2025-09-18T13:51:21+00:00","dateModified":"2025-09-18T13:51:32+00:00","description":"All the terms & agreement when using The Prism of Fer blog. We strive for accurate travel info, but can't guarantee its accuracy at the time of your reading.","breadcrumb":{"@id":"https:\/\/elprismadefer.com\/terminos-y-condiciones\/#breadcrumb"},"inLanguage":"en-US","potentialAction":[{"@type":"ReadAction","target":["https:\/\/elprismadefer.com\/terminos-y-condiciones\/"]}],"headline":"Terms & agreement"},{"@type":"BreadcrumbList","@id":"https:\/\/elprismadefer.com\/terminos-y-condiciones\/#breadcrumb","itemListElement":[{"@type":"ListItem","position":1,"name":"Inicio","item":"https:\/\/elprismadefer.com\/"},{"@type":"ListItem","position":2,"name":"T\u00e9rminos y Condiciones"}]},{"@type":"WebSite","@id":"https:\/\/elprismadefer.com\/#website","url":"https:\/\/elprismadefer.com\/","name":"The Prism of Fer","description":"Blog de viajes","publisher":{"@id":"https:\/\/elprismadefer.com\/#\/schema\/person\/7e3e4fb7491a837023acaddd2ac658d7"},"potentialAction":[{"@type":"SearchAction","target":{"@type":"EntryPoint","urlTemplate":"https:\/\/elprismadefer.com\/?s={search_term_string}"},"query-input":{"@type":"PropertyValueSpecification","valueRequired":true,"valueName":"search_term_string"}}],"inLanguage":"en-US"},{"@type":"Person","@id":"https:\/\/elprismadefer.com\/#\/schema\/person\/7e3e4fb7491a837023acaddd2ac658d7","name":"Fernando","image":{"@type":"ImageObject","inLanguage":"en-US","@id":"https:\/\/elprismadefer.com\/wp-content\/uploads\/2025\/10\/blog_khiva31_home.webp","url":"https:\/\/elprismadefer.com\/wp-content\/uploads\/2025\/10\/blog_khiva31_home.webp","contentUrl":"https:\/\/elprismadefer.com\/wp-content\/uploads\/2025\/10\/blog_khiva31_home.webp","width":2000,"height":900,"caption":"Fernando"},"description":"Fernando is a full-stack developer and independent traveler with years of experience exploring diverse destinations around the world, particularly in Asia and South America. Among his most notable journeys was the one he made along the Silk Road, from China to T\u00fcrkiye, also visiting the Indian subcontinent. Specializing in travel logistics in remote regions, he combines his analytical skills as a programmer with his field experience to create clear, precise guides accompanied by detailed maps. Through The Prism of Fer (\"El Prisma de Fer in spanish\"), he aims to make complex destinations accessible in a simple way, providing firsthand, verified information based on real-life experiences.","sameAs":["https:\/\/www.elprismadefer.com\/","https:\/\/www.instagram.com\/el.prisma.de.fer","https:\/\/www.linkedin.com\/in\/fernando-ca\u00edno-9b67a51b\/","https:\/\/ar.pinterest.com\/elPrismaDeFer\/","https:\/\/x.com\/prismaDeFer","https:\/\/www.youtube.com\/@elprismadefer","https:\/\/www.tumblr.com\/blog\/elprismadefer-blog","https:\/\/www.tiktok.com\/@el.prisma.de.fer","https:\/\/mastodon.social\/@elPrismaDeFer","https:\/\/bsky.app\/profile\/theprismoffer.bsky.social","https:\/\/www.reddit.com\/user\/the_Prism_of_Fer\/","https:\/\/www.quora.com\/profile\/The-Prism-of-Fer","https:\/\/www.tripadvisor.com\/Profile\/elPrismaDeFer","https:\/\/www.google.com\/maps\/contrib\/104813403271976363413\/reviews\/@-4.2707352,-22.364449,3z\/data=!3m1!4b1!4m3!8m2!3m1!1e1?entry=ttu&g_ep=EgoyMDI2MDMxMS4wIKXMDSoASAFQAw%3D%3D"],"jobTitle":"Full-stack Developer & Travel Blogger","alternateName":["The Prism of Fer","El Prisma de Fer"],"url":"https:\/\/elprismadefer.com\/en\/sobre-el-prisma-de-fer\/","knowsAbout":["Travel Photography","Independent travel in all Asia (Central, South, East, Southeast, Caucasus)","Independent travel in South America","Silk Road history and logistics","Long-distance trekking and hiking","Full-stack Web Development (React, PHP, MySQL)","Search Engine Optimization (SEO) for Travel Blogs"]}]}},"rttpg_featured_image_url":null,"rttpg_author":{"display_name":"Fernando","author_link":"https:\/\/elprismadefer.com\/en\/sobre-el-prisma-de-fer\/"},"rttpg_comment":0,"rttpg_category":null,"rttpg_excerpt":"Al acceder al sitio web https:\/\/elprismadefer.com, usted acepta estas condiciones de servicio y todas las leyes y normativas aplicables, y se responsabiliza del cumplimiento de las leyes locales aplicables. Si...","_links":{"self":[{"href":"https:\/\/elprismadefer.com\/en\/wp-json\/wp\/v2\/pages\/40471","targetHints":{"allow":["GET"]}}],"collection":[{"href":"https:\/\/elprismadefer.com\/en\/wp-json\/wp\/v2\/pages"}],"about":[{"href":"https:\/\/elprismadefer.com\/en\/wp-json\/wp\/v2\/types\/page"}],"author":[{"embeddable":true,"href":"https:\/\/elprismadefer.com\/en\/wp-json\/wp\/v2\/users\/1"}],"replies":[{"embeddable":true,"href":"https:\/\/elprismadefer.com\/en\/wp-json\/wp\/v2\/comments?post=40471"}],"version-history":[{"count":0,"href":"https:\/\/elprismadefer.com\/en\/wp-json\/wp\/v2\/pages\/40471\/revisions"}],"wp:attachment":[{"href":"https:\/\/elprismadefer.com\/en\/wp-json\/wp\/v2\/media?parent=40471"}],"curies":[{"name":"wp","href":"https:\/\/api.w.org\/{rel}","templated":true}]}}