{"id":3390,"date":"2019-02-22T23:34:08","date_gmt":"2019-02-23T02:34:08","guid":{"rendered":"http:\/\/elprismadefer.com\/?page_id=3390"},"modified":"2019-09-04T15:22:24","modified_gmt":"2019-09-04T18:22:24","slug":"trabaja-conmigo","status":"publish","type":"page","link":"https:\/\/elprismadefer.com\/en\/trabaja-conmigo\/","title":{"rendered":"Trabaja conmigo"},"content":{"rendered":"\n<p> \u00a1Hola! Muchas gracias por tu inter\u00e9s en trabajar conmigo. <\/p>\n\n\n\n<p>Trabajo como desarrollador de aplicaciones web de manera profesional hace m\u00e1s de 10 a\u00f1os, tanto en relaci\u00f3n de dependencia como freelance.  Como pasatiempo cre\u00e9 una aplicaci\u00f3n para celulares Android llamada <a rel=\"noreferrer noopener\" aria-label=\"Latinoamerica Salvaje App (abre en una nueva pesta\u00f1a)\" href=\"http:\/\/www.latinoamericasalvajeapp.com\" target=\"_blank\">Latinoamerica Salvaje App.<\/a> Es una app con informaci\u00f3n \u00fatil de todos los Parques Nacionales de Latinoamerica. <\/p>\n\n\n\n<p>Adem\u00e1s soy creador y administrador del sitio web de la empresa de viajes<a rel=\"noreferrer noopener\" aria-label=\" Pedraza Viajes y Turismo (abre en una nueva pesta\u00f1a)\" href=\"https:\/\/pedraza.com.ar\" target=\"_blank\"> Pedraza Viajes y Turismo<\/a> de Argentina entro otros tantos proyectos.<\/p>\n\n\n\n<p>La fotograf\u00eda y edici\u00f3n de im\u00e1genes, son actividades que me dedico principalmente como hobby pero cada vez de manera mas profesional.<\/p>\n\n\n\n<h2 class=\"wp-block-heading\">\u00bfC\u00f3mo podemos trabajar juntos?<\/h2>\n\n\n\n<p>En este momento  los servicios que puedo ofrecer son:<\/p>\n\n\n\n<ul class=\"wp-block-list\"><li><strong>dise\u00f1os de sitios web estandarizados<\/strong> (realizo p\u00e1ginas web responsivas, es decir que se vean bien en todos los dispositivos)<\/li><li><strong>venta de im\u00e1genes en cualquier formato<\/strong> (si te gusta alguna fotograf\u00eda de mi banco de im\u00e1genes y la quieres en su versi\u00f3n original digital, editada alguna manera en particular o en otro soporte, podemos charlarlo)<\/li><li><strong>menci\u00f3n patrocinada<\/strong> de tu producto o servicio en el blog <\/li><li><strong>otros<\/strong> (quiz\u00e1s tengas otras ideas en mente, escribime y lo vemos)<\/li><\/ul>\n\n\n\n<p>Hac\u00e9 tu consulta a trav\u00e9s del formulario de contacto a continuaci\u00f3n y te responder\u00e9 a la mayor brevedad posible.<\/p>\n\n\n\n<noscript class=\"ninja-forms-noscript-message\">\n\tNotice: JavaScript is required for this content.<\/noscript>\n<div id=\"nf-form-1-cont\" class=\"nf-form-cont\" aria-live=\"polite\" aria-labelledby=\"nf-form-title-1\" aria-describedby=\"nf-form-errors-1\" role=\"form\">\n\n    <div class=\"nf-loading-spinner\"><\/div>\n\n<\/div>\n        <!-- That data is being printed as a workaround to page builders reordering the order of the scripts loaded-->\n        <script>var formDisplay=1;var nfForms=nfForms||[];var form=[];form.id='1';form.settings={\"objectType\":\"Form Setting\",\"editActive\":true,\"title\":\"Contact Form\",\"created_at\":\"2016-03-17 12:41:24\",\"show_title\":\"0\",\"clear_complete\":\"1\",\"hide_complete\":\"1\",\"logged_in\":\"0\",\"currency\":\"usd\",\"add_submit\":\"1\",\"wrapper_class\":\"\",\"element_class\":\"\",\"not_logged_in_msg\":\"\",\"sub_limit_msg\":\"\",\"key\":\"\",\"changeEmailErrorMsg\":\"Por favor, ingrese una direcci\\u00f3n de email valida\",\"changeDateErrorMsg\":\"Please enter a valid date!\",\"confirmFieldErrorMsg\":\"These fields must match!\",\"fieldNumberNumMinError\":\"Number Min Error\",\"fieldNumberNumMaxError\":\"Number Max Error\",\"fieldNumberIncrementBy\":\"Please increment by \",\"formErrorsCorrectErrors\":\"Please correct errors before submitting this form.\",\"validateRequiredField\":\"Este es un campo obligatorio\",\"honeypotHoneypotError\":\"Honeypot Error\",\"fieldsMarkedRequired\":\"Los campos marcados con * son obligatorios\",\"unique_field_error\":\"A form with this value has already been submitted.\",\"calculations\":[],\"formContentData\":[\"nombre_1549591235386\",\"email_1549591184757\",\"mensaje_1549591270217\",\"enviar_1549591281792\"],\"drawerDisabled\":false,\"default_label_pos\":\"above\",\"allow_public_link\":0,\"embed_form\":\"\",\"form_title_heading_level\":\"3\",\"objectDomain\":\"display\",\"ninjaForms\":\"Ninja Forms\",\"fieldTextareaRTEInsertLink\":\"Insert Link\",\"fieldTextareaRTEInsertMedia\":\"Insert Media\",\"fieldTextareaRTESelectAFile\":\"Select a file\",\"tableInsertRowAbove\":\"Insert Row Above\",\"tableInsertRowBelow\":\"Insert Row Below\",\"tableInsertColumnLeft\":\"Insert Column Left\",\"tableInsertColumnRight\":\"Insert Column Right\",\"tableDeleteRow\":\"Delete Row\",\"tableDeleteColumn\":\"Delete Column\",\"tableDeleteTable\":\"Delete Table\",\"tableLegacyNotice\":\"This content has tables in the old editor format. Custom styles are preserved until converted. Editing will update to the new format.\",\"tableLegacyConvert\":\"Convert Now\",\"tableInsertTable\":\"Insert Table\",\"dismiss\":\"Dismiss\",\"insertLink\":\"Insert Link\",\"formHoneypot\":\"If you are a human seeing this field, please leave it empty.\",\"fileUploadOldCodeFileUploadInProgress\":\"File Upload in Progress.\",\"fileUploadOldCodeFileUpload\":\"FILE UPLOAD\",\"currencySymbol\":\"$\",\"thousands_sep\":\",\",\"decimal_point\":\".\",\"siteLocale\":\"en_US\",\"dateFormat\":\"d\\\/m\\\/Y\",\"startOfWeek\":\"1\",\"of\":\"of\",\"previousMonth\":\"Previous Month\",\"nextMonth\":\"Next Month\",\"months\":[\"January\",\"February\",\"March\",\"April\",\"May\",\"June\",\"July\",\"August\",\"September\",\"October\",\"November\",\"December\"],\"monthsShort\":[\"Jan\",\"Feb\",\"Mar\",\"Apr\",\"May\",\"Jun\",\"Jul\",\"Aug\",\"Sep\",\"Oct\",\"Nov\",\"Dec\"],\"weekdays\":[\"Sunday\",\"Monday\",\"Tuesday\",\"Wednesday\",\"Thursday\",\"Friday\",\"Saturday\"],\"weekdaysShort\":[\"Sun\",\"Mon\",\"Tue\",\"Wed\",\"Thu\",\"Fri\",\"Sat\"],\"weekdaysMin\":[\"Su\",\"Mo\",\"Tu\",\"We\",\"Th\",\"Fr\",\"Sa\"],\"recaptchaConsentMissing\":\"reCaptcha validation couldn&#039;t load.\",\"recaptchaMissingCookie\":\"reCaptcha v3 validation couldn&#039;t load the cookie needed to submit the form.\",\"recaptchaConsentEvent\":\"Accept reCaptcha cookies before sending the form.\",\"currency_symbol\":\"\",\"beforeForm\":\"\",\"beforeFields\":\"\",\"afterFields\":\"\",\"afterForm\":\"\"};form.fields=[{\"objectType\":\"Field\",\"objectDomain\":\"fields\",\"editActive\":false,\"order\":1,\"idAttribute\":\"id\",\"type\":\"firstname\",\"label\":\"Nombre\",\"key\":\"nombre_1549591235386\",\"label_pos\":\"above\",\"required\":1,\"default\":\"\",\"placeholder\":\"\",\"container_class\":\"\",\"element_class\":\"\",\"admin_label\":\"\",\"help_text\":\"\",\"custom_name_attribute\":\"fname\",\"personally_identifiable\":1,\"value\":\"\",\"id\":1,\"beforeField\":\"\",\"afterField\":\"\",\"parentType\":\"firstname\",\"element_templates\":[\"firstname\",\"input\"],\"old_classname\":\"\",\"wrap_template\":\"wrap\"},{\"objectType\":\"Field\",\"objectDomain\":\"fields\",\"editActive\":false,\"order\":2,\"idAttribute\":\"id\",\"type\":\"email\",\"label\":\"Email\",\"key\":\"email_1549591184757\",\"label_pos\":\"above\",\"required\":1,\"default\":\"\",\"placeholder\":\"\",\"container_class\":\"\",\"element_class\":\"\",\"admin_label\":\"\",\"help_text\":\"\",\"custom_name_attribute\":\"email\",\"personally_identifiable\":1,\"value\":\"\",\"id\":2,\"beforeField\":\"\",\"afterField\":\"\",\"parentType\":\"email\",\"element_templates\":[\"email\",\"input\"],\"old_classname\":\"\",\"wrap_template\":\"wrap\"},{\"objectType\":\"Field\",\"objectDomain\":\"fields\",\"editActive\":false,\"order\":3,\"idAttribute\":\"id\",\"type\":\"textarea\",\"label\":\"Mensaje\",\"key\":\"mensaje_1549591270217\",\"label_pos\":\"above\",\"required\":1,\"default\":\"\",\"placeholder\":\"\",\"container_class\":\"\",\"element_class\":\"\",\"input_limit\":\"\",\"input_limit_type\":\"characters\",\"input_limit_msg\":\"Character(s) left\",\"manual_key\":false,\"admin_label\":\"\",\"help_text\":\"\",\"textarea_rte\":\"\",\"disable_rte_mobile\":\"\",\"textarea_media\":\"\",\"value\":\"\",\"id\":3,\"beforeField\":\"\",\"afterField\":\"\",\"parentType\":\"textarea\",\"element_templates\":[\"textarea\",\"input\"],\"old_classname\":\"\",\"wrap_template\":\"wrap\"},{\"objectType\":\"Field\",\"objectDomain\":\"fields\",\"editActive\":false,\"order\":4,\"idAttribute\":\"id\",\"type\":\"submit\",\"label\":\"Enviar\",\"processing_label\":\"Enviando\",\"container_class\":\"\",\"element_class\":\"\",\"key\":\"enviar_1549591281792\",\"drawerDisabled\":false,\"admin_label\":\"\",\"id\":5,\"beforeField\":\"\",\"afterField\":\"\",\"value\":\"\",\"label_pos\":\"above\",\"parentType\":\"textbox\",\"element_templates\":[\"submit\",\"button\",\"input\"],\"old_classname\":\"\",\"wrap_template\":\"wrap-no-label\"}];nfForms.push(form);<\/script>\n        \n","protected":false},"excerpt":{"rendered":"<p>\u00a1Hola! Muchas gracias por tu inter\u00e9s en trabajar conmigo. Trabajo como desarrollador de aplicaciones web de manera profesional hace m\u00e1s de 10 a\u00f1os, tanto en relaci\u00f3n de dependencia como freelance&#8230;.<\/p>","protected":false},"author":1,"featured_media":0,"parent":0,"menu_order":0,"comment_status":"closed","ping_status":"closed","template":"","meta":{"_mo_disable_npp":"","footnotes":""},"class_list":["post-3390","page","type-page","status-publish","hentry"],"yoast_head":"<!-- This site is optimized with the Yoast SEO plugin v27.5 - https:\/\/yoast.com\/product\/yoast-seo-wordpress\/ -->\n<title>Trabaja conmigo - El Prisma de Fer<\/title>\n<meta name=\"robots\" content=\"index, follow, max-snippet:-1, max-image-preview:large, max-video-preview:-1\" \/>\n<link rel=\"canonical\" href=\"https:\/\/elprismadefer.com\/en\/trabaja-conmigo\/\" \/>\n<meta property=\"og:locale\" content=\"en_US\" \/>\n<meta property=\"og:type\" content=\"article\" \/>\n<meta property=\"og:title\" content=\"Trabaja conmigo - El Prisma de Fer\" \/>\n<meta property=\"og:description\" content=\"\u00a1Hola! Muchas gracias por tu inter\u00e9s en trabajar conmigo. Trabajo como desarrollador de aplicaciones web de manera profesional hace m\u00e1s de 10 a\u00f1os, tanto en relaci\u00f3n de dependencia como freelance....\" \/>\n<meta property=\"og:url\" content=\"https:\/\/elprismadefer.com\/en\/trabaja-conmigo\/\" \/>\n<meta property=\"og:site_name\" content=\"El Prisma de Fer\" \/>\n<meta property=\"article:modified_time\" content=\"2019-09-04T18:22:24+00:00\" \/>\n<meta name=\"twitter:card\" content=\"summary_large_image\" \/>\n<meta name=\"twitter:site\" content=\"@prismaDeFer\" \/>\n<meta name=\"twitter:label1\" content=\"Est. reading time\" \/>\n\t<meta name=\"twitter:data1\" content=\"1 minute\" \/>\n<script type=\"application\/ld+json\" class=\"yoast-schema-graph\">{\"@context\":\"https:\\\/\\\/schema.org\",\"@graph\":[{\"@type\":\"WebPage\",\"@id\":\"https:\\\/\\\/elprismadefer.com\\\/trabaja-conmigo\\\/\",\"url\":\"https:\\\/\\\/elprismadefer.com\\\/trabaja-conmigo\\\/\",\"name\":\"Trabaja conmigo - El Prisma de Fer\",\"isPartOf\":{\"@id\":\"https:\\\/\\\/elprismadefer.com\\\/#website\"},\"datePublished\":\"2019-02-23T02:34:08+00:00\",\"dateModified\":\"2019-09-04T18:22:24+00:00\",\"breadcrumb\":{\"@id\":\"https:\\\/\\\/elprismadefer.com\\\/trabaja-conmigo\\\/#breadcrumb\"},\"inLanguage\":\"en-US\",\"potentialAction\":[{\"@type\":\"ReadAction\",\"target\":[\"https:\\\/\\\/elprismadefer.com\\\/trabaja-conmigo\\\/\"]}]},{\"@type\":\"BreadcrumbList\",\"@id\":\"https:\\\/\\\/elprismadefer.com\\\/trabaja-conmigo\\\/#breadcrumb\",\"itemListElement\":[{\"@type\":\"ListItem\",\"position\":1,\"name\":\"Inicio\",\"item\":\"https:\\\/\\\/elprismadefer.com\\\/\"},{\"@type\":\"ListItem\",\"position\":2,\"name\":\"Trabaja conmigo\"}]},{\"@type\":\"WebSite\",\"@id\":\"https:\\\/\\\/elprismadefer.com\\\/#website\",\"url\":\"https:\\\/\\\/elprismadefer.com\\\/\",\"name\":\"El Prisma de Fer\",\"description\":\"Blog de viajes\",\"publisher\":{\"@id\":\"https:\\\/\\\/elprismadefer.com\\\/#\\\/schema\\\/person\\\/7e3e4fb7491a837023acaddd2ac658d7\"},\"potentialAction\":[{\"@type\":\"SearchAction\",\"target\":{\"@type\":\"EntryPoint\",\"urlTemplate\":\"https:\\\/\\\/elprismadefer.com\\\/?s={search_term_string}\"},\"query-input\":{\"@type\":\"PropertyValueSpecification\",\"valueRequired\":true,\"valueName\":\"search_term_string\"}}],\"inLanguage\":\"en-US\"},{\"@type\":\"Person\",\"@id\":\"https:\\\/\\\/elprismadefer.com\\\/#\\\/schema\\\/person\\\/7e3e4fb7491a837023acaddd2ac658d7\",\"name\":\"Fernando\",\"image\":{\"@type\":\"ImageObject\",\"inLanguage\":\"en-US\",\"@id\":\"https:\\\/\\\/elprismadefer.com\\\/wp-content\\\/uploads\\\/2025\\\/10\\\/blog_khiva31_home.webp\",\"url\":\"https:\\\/\\\/elprismadefer.com\\\/wp-content\\\/uploads\\\/2025\\\/10\\\/blog_khiva31_home.webp\",\"contentUrl\":\"https:\\\/\\\/elprismadefer.com\\\/wp-content\\\/uploads\\\/2025\\\/10\\\/blog_khiva31_home.webp\",\"width\":2000,\"height\":900,\"caption\":\"Fernando\"},\"description\":\"Fernando is a full-stack developer and independent traveler with years of experience exploring diverse destinations around the world, particularly in Asia and South America. Among his most notable journeys was the one he made along the Silk Road, from China to T\u00fcrkiye, also visiting the Indian subcontinent. Specializing in travel logistics in remote regions, he combines his analytical skills as a programmer with his field experience to create clear, precise guides accompanied by detailed maps. Through The Prism of Fer (\\\"El Prisma de Fer in spanish\\\"), he aims to make complex destinations accessible in a simple way, providing firsthand, verified information based on real-life experiences.\",\"sameAs\":[\"https:\\\/\\\/www.elprismadefer.com\\\/\",\"https:\\\/\\\/www.instagram.com\\\/el.prisma.de.fer\",\"https:\\\/\\\/www.linkedin.com\\\/in\\\/fernando-ca\u00edno-9b67a51b\\\/\",\"https:\\\/\\\/ar.pinterest.com\\\/elPrismaDeFer\\\/\",\"https:\\\/\\\/x.com\\\/prismaDeFer\",\"https:\\\/\\\/www.youtube.com\\\/@elprismadefer\",\"https:\\\/\\\/www.tumblr.com\\\/blog\\\/elprismadefer-blog\",\"https:\\\/\\\/www.tiktok.com\\\/@el.prisma.de.fer\",\"https:\\\/\\\/mastodon.social\\\/@elPrismaDeFer\",\"https:\\\/\\\/bsky.app\\\/profile\\\/theprismoffer.bsky.social\",\"https:\\\/\\\/www.reddit.com\\\/user\\\/the_Prism_of_Fer\\\/\",\"https:\\\/\\\/www.quora.com\\\/profile\\\/The-Prism-of-Fer\",\"https:\\\/\\\/www.tripadvisor.com\\\/Profile\\\/elPrismaDeFer\",\"https:\\\/\\\/www.google.com\\\/maps\\\/contrib\\\/104813403271976363413\\\/reviews\\\/@-4.2707352,-22.364449,3z\\\/data=!3m1!4b1!4m3!8m2!3m1!1e1?entry=ttu&g_ep=EgoyMDI2MDMxMS4wIKXMDSoASAFQAw%3D%3D\"],\"jobTitle\":\"Full-stack Developer & Travel Blogger\",\"alternateName\":[\"The Prism of Fer\",\"El Prisma de Fer\"],\"url\":\"https:\\\/\\\/elprismadefer.com\\\/en\\\/sobre-el-prisma-de-fer\\\/\",\"knowsAbout\":[\"Travel Photography\",\"Independent travel in all Asia (Central, South, East, Southeast, Caucasus)\",\"Independent travel in South America\",\"Silk Road history and logistics\",\"Long-distance trekking and hiking\",\"Full-stack Web Development (React, PHP, MySQL)\",\"Search Engine Optimization (SEO) for Travel Blogs\"]}]}<\/script>\n<!-- \/ Yoast SEO plugin. -->","yoast_head_json":{"title":"Trabaja conmigo - El Prisma de Fer","robots":{"index":"index","follow":"follow","max-snippet":"max-snippet:-1","max-image-preview":"max-image-preview:large","max-video-preview":"max-video-preview:-1"},"canonical":"https:\/\/elprismadefer.com\/en\/trabaja-conmigo\/","og_locale":"en_US","og_type":"article","og_title":"Trabaja conmigo - El Prisma de Fer","og_description":"\u00a1Hola! Muchas gracias por tu inter\u00e9s en trabajar conmigo. Trabajo como desarrollador de aplicaciones web de manera profesional hace m\u00e1s de 10 a\u00f1os, tanto en relaci\u00f3n de dependencia como freelance....","og_url":"https:\/\/elprismadefer.com\/en\/trabaja-conmigo\/","og_site_name":"El Prisma de Fer","article_modified_time":"2019-09-04T18:22:24+00:00","twitter_card":"summary_large_image","twitter_site":"@prismaDeFer","twitter_misc":{"Est. reading time":"1 minute"},"schema":{"@context":"https:\/\/schema.org","@graph":[{"@type":"WebPage","@id":"https:\/\/elprismadefer.com\/trabaja-conmigo\/","url":"https:\/\/elprismadefer.com\/trabaja-conmigo\/","name":"Trabaja conmigo - El Prisma de Fer","isPartOf":{"@id":"https:\/\/elprismadefer.com\/#website"},"datePublished":"2019-02-23T02:34:08+00:00","dateModified":"2019-09-04T18:22:24+00:00","breadcrumb":{"@id":"https:\/\/elprismadefer.com\/trabaja-conmigo\/#breadcrumb"},"inLanguage":"en-US","potentialAction":[{"@type":"ReadAction","target":["https:\/\/elprismadefer.com\/trabaja-conmigo\/"]}]},{"@type":"BreadcrumbList","@id":"https:\/\/elprismadefer.com\/trabaja-conmigo\/#breadcrumb","itemListElement":[{"@type":"ListItem","position":1,"name":"Inicio","item":"https:\/\/elprismadefer.com\/"},{"@type":"ListItem","position":2,"name":"Trabaja conmigo"}]},{"@type":"WebSite","@id":"https:\/\/elprismadefer.com\/#website","url":"https:\/\/elprismadefer.com\/","name":"The Prism of Fer","description":"Blog de viajes","publisher":{"@id":"https:\/\/elprismadefer.com\/#\/schema\/person\/7e3e4fb7491a837023acaddd2ac658d7"},"potentialAction":[{"@type":"SearchAction","target":{"@type":"EntryPoint","urlTemplate":"https:\/\/elprismadefer.com\/?s={search_term_string}"},"query-input":{"@type":"PropertyValueSpecification","valueRequired":true,"valueName":"search_term_string"}}],"inLanguage":"en-US"},{"@type":"Person","@id":"https:\/\/elprismadefer.com\/#\/schema\/person\/7e3e4fb7491a837023acaddd2ac658d7","name":"Fernando","image":{"@type":"ImageObject","inLanguage":"en-US","@id":"https:\/\/elprismadefer.com\/wp-content\/uploads\/2025\/10\/blog_khiva31_home.webp","url":"https:\/\/elprismadefer.com\/wp-content\/uploads\/2025\/10\/blog_khiva31_home.webp","contentUrl":"https:\/\/elprismadefer.com\/wp-content\/uploads\/2025\/10\/blog_khiva31_home.webp","width":2000,"height":900,"caption":"Fernando"},"description":"Fernando is a full-stack developer and independent traveler with years of experience exploring diverse destinations around the world, particularly in Asia and South America. Among his most notable journeys was the one he made along the Silk Road, from China to T\u00fcrkiye, also visiting the Indian subcontinent. Specializing in travel logistics in remote regions, he combines his analytical skills as a programmer with his field experience to create clear, precise guides accompanied by detailed maps. Through The Prism of Fer (\"El Prisma de Fer in spanish\"), he aims to make complex destinations accessible in a simple way, providing firsthand, verified information based on real-life experiences.","sameAs":["https:\/\/www.elprismadefer.com\/","https:\/\/www.instagram.com\/el.prisma.de.fer","https:\/\/www.linkedin.com\/in\/fernando-ca\u00edno-9b67a51b\/","https:\/\/ar.pinterest.com\/elPrismaDeFer\/","https:\/\/x.com\/prismaDeFer","https:\/\/www.youtube.com\/@elprismadefer","https:\/\/www.tumblr.com\/blog\/elprismadefer-blog","https:\/\/www.tiktok.com\/@el.prisma.de.fer","https:\/\/mastodon.social\/@elPrismaDeFer","https:\/\/bsky.app\/profile\/theprismoffer.bsky.social","https:\/\/www.reddit.com\/user\/the_Prism_of_Fer\/","https:\/\/www.quora.com\/profile\/The-Prism-of-Fer","https:\/\/www.tripadvisor.com\/Profile\/elPrismaDeFer","https:\/\/www.google.com\/maps\/contrib\/104813403271976363413\/reviews\/@-4.2707352,-22.364449,3z\/data=!3m1!4b1!4m3!8m2!3m1!1e1?entry=ttu&g_ep=EgoyMDI2MDMxMS4wIKXMDSoASAFQAw%3D%3D"],"jobTitle":"Full-stack Developer & Travel Blogger","alternateName":["The Prism of Fer","El Prisma de Fer"],"url":"https:\/\/elprismadefer.com\/en\/sobre-el-prisma-de-fer\/","knowsAbout":["Travel Photography","Independent travel in all Asia (Central, South, East, Southeast, Caucasus)","Independent travel in South America","Silk Road history and logistics","Long-distance trekking and hiking","Full-stack Web Development (React, PHP, MySQL)","Search Engine Optimization (SEO) for Travel Blogs"]}]}},"rttpg_featured_image_url":null,"rttpg_author":{"display_name":"Fernando","author_link":"https:\/\/elprismadefer.com\/en\/sobre-el-prisma-de-fer\/"},"rttpg_comment":0,"rttpg_category":null,"rttpg_excerpt":"\u00a1Hola! Muchas gracias por tu inter\u00e9s en trabajar conmigo. Trabajo como desarrollador de aplicaciones web de manera profesional hace m\u00e1s de 10 a\u00f1os, tanto en relaci\u00f3n de dependencia como freelance....","_links":{"self":[{"href":"https:\/\/elprismadefer.com\/en\/wp-json\/wp\/v2\/pages\/3390","targetHints":{"allow":["GET"]}}],"collection":[{"href":"https:\/\/elprismadefer.com\/en\/wp-json\/wp\/v2\/pages"}],"about":[{"href":"https:\/\/elprismadefer.com\/en\/wp-json\/wp\/v2\/types\/page"}],"author":[{"embeddable":true,"href":"https:\/\/elprismadefer.com\/en\/wp-json\/wp\/v2\/users\/1"}],"replies":[{"embeddable":true,"href":"https:\/\/elprismadefer.com\/en\/wp-json\/wp\/v2\/comments?post=3390"}],"version-history":[{"count":0,"href":"https:\/\/elprismadefer.com\/en\/wp-json\/wp\/v2\/pages\/3390\/revisions"}],"wp:attachment":[{"href":"https:\/\/elprismadefer.com\/en\/wp-json\/wp\/v2\/media?parent=3390"}],"curies":[{"name":"wp","href":"https:\/\/api.w.org\/{rel}","templated":true}]}}