{"id":33375,"date":"2025-07-28T01:06:19","date_gmt":"2025-07-28T04:06:19","guid":{"rendered":"https:\/\/elprismadefer.com\/?page_id=33375"},"modified":"2025-10-25T11:35:32","modified_gmt":"2025-10-25T14:35:32","slug":"rincon-de-juegos-para-viajar","status":"publish","type":"page","link":"https:\/\/elprismadefer.com\/en\/rincon-de-juegos-para-viajar\/","title":{"rendered":"Travel Games Corner"},"content":{"rendered":"<p>Welcome to this section, which I've decided to call \"The Game Corner\" of Prisma de Fer. Here, creativity meets fun to bring to life a set of interactive experiences that you can explore directly from your browser or mobile device. Each game you find here is a small creation inspired by my love of travel, history, culture, art, architecture, and landscapes.<\/p>\n\n\n\n<p>From clever challenges that will test your mind to narrative journeys that will transport you to other worlds, this page will be a gateway to a series of entertaining moments. <\/p>\n\n\n\n<h2 class=\"wp-block-heading\">What are the mechanics of the games?<\/h2>\n\n\n\n<p class=\"translation-block\">The idea behind these games was conceived as a challenge to knowledge. They will focus on <strong>quiz-style mechanics, questions and answers, etc.<\/strong> that will invite you to think, learn, and have fun. Each game will be designed to stimulate your mind, presenting you with trivia on various topics related to the history, culture, or other aspects of the places we love to travel to.<\/p>\n\n\n\n<p>Get ready to navigate through not-so-easy questions, discover new perspectives, and maybe learn something unexpected while having fun.<\/p>\n\n\n\n<p>I hope you enjoy playing them as much as I enjoyed creating them!<\/p>\n\n\n\n<h2 class=\"wp-block-heading\">Gallery of available games<\/h2>\n\n\n        <div class=\"rttpg-block-postgrid rttpg-block-wrapper rttpg-block-9eceda tpg-filter-type-dropdown section-title-style-style1 img_hover_animation_default title-default title_position_default title_hover_border_default meta_position_default tpg-is-author-icon-default author-image-visibility-icon tpg-category-position-default readmore-btn-default-style grid-hover-overlay-type-always grid-hover-overlay-height-default hover-overlay-height-default tpg-title-border-default filter-nex-prev-btn-visible tpg-cat-style1 slider-scroll-hide act-label-style-inline\">\n            <div class=\"rt-container-fluid rt-tpg-container tpg-el-main-wrapper tpg-gutenberg clearfix grid-layout4-main\"\n                 id=\"rt-tpg-container-4267850779\"\n                 data-layout=\"grid-layout4\"\n                 data-grid-style=\"tpg-even\" data-sc-id=\"elementor\"\n                 data-el-settings=''\n                 data-el-query=''\n                 data-el-path=''>\n\t\t\t\t                    <div id=\"bottom-script-loader\" class=\"bottom-script-loader\">\n                        <div class=\"rt-ball-clip-rotate\">\n                            <div><\/div>\n                        <\/div>\n                    <\/div>\n\t\t\t\t\t                <div class='tpg-header-wrapper'>\n\t\t\t\t\t                <\/div>\n\n                <div class=\"rt-row rt-content-loader gutenberg-inner grid-layout4 grid-behaviour tpg-even grid_layout_wrapper\">\n\t\t\t\t\t\n<div class=\"rt-col-md-4 rt-col-sm-6 rt-col-xs-12 default rt-grid-item\" data-id=\"41905\">\n\t<div class=\"rt-holder tpg-post-holder\">\n\t\t<div class=\"rt-detail rt-el-content-wrapper\">\n\t\t\t\t\t\t\t<div class=\"rt-img-holder tpg-el-image-wrap has-thumbnail\">\n\t\t\t\t\t<a data-id=\"41905\" href=\"https:\/\/elprismadefer.com\/en\/el-comerciante-desaparecido-un-juego-interactivo-para-descubrir-turquia\/\" class=\"tpg-post-link\" target=\"_self\">                        <img loading=\"lazy\" decoding=\"async\" src=\"https:\/\/elprismadefer.com\/wp-content\/uploads\/2025\/11\/print-juego-turquia-03.webp\"\n                             class=\"rt-img-responsive\"\n                             width=\"1199\"\n                             height=\"673\"\n                             alt=\"Portada de la trivia de Turqu\u00eda\">\n\t\t\t\t\t\t\n\t\t\t\t\t\t\t\n\t\t<\/a>\n\t\t        <div class=\"overlay grid-hover-content\"><\/div>\n\t\t\t\t\t\t<\/div>\n\t\t\t\n\n\t\t\t<div class=\"entry-title-wrapper\"><h3 class=\"entry-title\"><a data-id=\"41905\" href=\"https:\/\/elprismadefer.com\/en\/el-comerciante-desaparecido-un-juego-interactivo-para-descubrir-turquia\/\" class=\"tpg-post-link\" target=\"_self\">The Missing Merchant: An Interactive Game to Discover T\u00fcrkiye<\/a><\/h3><\/div>\n\t\t\t\n\t\t\t\t\t\t\t<div class=\"tpg-excerpt tpg-el-excerpt\">\n\t\t\t\t\t\t\t\t\t\t\t<div class=\"tpg-excerpt-inner\">\n\t\t\t\t\t\t\tThink you know a lot about T\u00fcrkiye? Test your knowledge with this interactive game full of\u2026\t\t\t\t\t\t<\/div>\n\t\t\t\t\t\t\t\t\t\t\t\t\t\t<\/div>\n\t\t\t\n\t\t\t\t\t<\/div>\n\t<\/div>\n<\/div>\n\n<div class=\"rt-col-md-4 rt-col-sm-6 rt-col-xs-12 default rt-grid-item\" data-id=\"36696\">\n\t<div class=\"rt-holder tpg-post-holder\">\n\t\t<div class=\"rt-detail rt-el-content-wrapper\">\n\t\t\t\t\t\t\t<div class=\"rt-img-holder tpg-el-image-wrap has-thumbnail\">\n\t\t\t\t\t<a data-id=\"36696\" href=\"https:\/\/elprismadefer.com\/en\/trivia-sobre-egipto-cuanto-sabes\/\" class=\"tpg-post-link\" target=\"_self\">                        <img loading=\"lazy\" decoding=\"async\" src=\"https:\/\/elprismadefer.com\/wp-content\/uploads\/2025\/08\/portada-egipto-quiz02-1.webp\"\n                             class=\"rt-img-responsive\"\n                             width=\"1216\"\n                             height=\"686\"\n                             alt=\"Portada de la trivia sobre Egipto\">\n\t\t\t\t\t\t\n\t\t\t\t\t\t\t\n\t\t<\/a>\n\t\t        <div class=\"overlay grid-hover-content\"><\/div>\n\t\t\t\t\t\t<\/div>\n\t\t\t\n\n\t\t\t<div class=\"entry-title-wrapper\"><h3 class=\"entry-title\"><a data-id=\"36696\" href=\"https:\/\/elprismadefer.com\/en\/trivia-sobre-egipto-cuanto-sabes\/\" class=\"tpg-post-link\" target=\"_self\">Trivia about Egypt: How much do you know?<\/a><\/h3><\/div>\n\t\t\t\n\t\t\t\t\t\t\t<div class=\"tpg-excerpt tpg-el-excerpt\">\n\t\t\t\t\t\t\t\t\t\t\t<div class=\"tpg-excerpt-inner\">\n\t\t\t\t\t\t\tContinuing with my idea of uniting my passions: travel, history, and games, I created this trivia\u2026\t\t\t\t\t\t<\/div>\n\t\t\t\t\t\t\t\t\t\t\t\t\t\t<\/div>\n\t\t\t\n\t\t\t\t\t<\/div>\n\t<\/div>\n<\/div>\n\n<div class=\"rt-col-md-4 rt-col-sm-6 rt-col-xs-12 default rt-grid-item\" data-id=\"32636\">\n\t<div class=\"rt-holder tpg-post-holder\">\n\t\t<div class=\"rt-detail rt-el-content-wrapper\">\n\t\t\t\t\t\t\t<div class=\"rt-img-holder tpg-el-image-wrap has-thumbnail\">\n\t\t\t\t\t<a data-id=\"32636\" href=\"https:\/\/elprismadefer.com\/en\/juego-interactivo-de-la-ruta-de-la-seda\/\" class=\"tpg-post-link\" target=\"_self\">                        <img loading=\"lazy\" decoding=\"async\" src=\"https:\/\/elprismadefer.com\/wp-content\/uploads\/2025\/07\/juego-destacado.webp\"\n                             class=\"rt-img-responsive\"\n                             width=\"1297\"\n                             height=\"725\"\n                             alt=\"Mapa del Juego &quot;Un viaje por la Ruta de la Seda&quot;\">\n\t\t\t\t\t\t\n\t\t\t\t\t\t\t\n\t\t<\/a>\n\t\t        <div class=\"overlay grid-hover-content\"><\/div>\n\t\t\t\t\t\t<\/div>\n\t\t\t\n\n\t\t\t<div class=\"entry-title-wrapper\"><h3 class=\"entry-title\"><a data-id=\"32636\" href=\"https:\/\/elprismadefer.com\/en\/juego-interactivo-de-la-ruta-de-la-seda\/\" class=\"tpg-post-link\" target=\"_self\">Trivia about \u201cA Journey Along the Silk Road\u201d<\/a><\/h3><\/div>\n\t\t\t\n\t\t\t\t\t\t\t<div class=\"tpg-excerpt tpg-el-excerpt\">\n\t\t\t\t\t\t\t\t\t\t\t<div class=\"tpg-excerpt-inner\">\n\t\t\t\t\t\t\tDo you dare to explore the legendary Silk Road in a different way? In this game, I invite you...\t\t\t\t\t\t<\/div>\n\t\t\t\t\t\t\t\t\t\t\t\t\t\t<\/div>\n\t\t\t\n\t\t\t\t\t<\/div>\n\t<\/div>\n<\/div>\n                <\/div>\n\n\t\t\t\t\n            <\/div>\n        <\/div>\n\t\t\n\n\n<h2 class=\"wp-block-heading\">Will there be more games coming soon?<\/h2>\n\n\n\n<p>This is just the beginning of this interactive adventure. For now, we have the trivia about \"A Journey Along the Silk Road\" and the quiz about Egypt, but if I see that the idea catches on and is liked, I'm eager to expand this universe with more games and experiences that will test your mind and stimulate your passion for travel. Your enthusiasm will be the driving force behind future creations, so let's play!<\/p>","protected":false},"excerpt":{"rendered":"<p>Bienvenido a esta secci\u00f3n que decid\u00ed llamar el &#8220;El Rinc\u00f3n de Juegos&#8221; de el Prisma de Fer. Aqu\u00ed, la creatividad se une a la diversi\u00f3n para dar vida a un&#8230;<\/p>","protected":false},"author":1,"featured_media":33403,"parent":0,"menu_order":0,"comment_status":"closed","ping_status":"closed","template":"","meta":{"_mo_disable_npp":"","footnotes":""},"class_list":["post-33375","page","type-page","status-publish","has-post-thumbnail","hentry"],"yoast_head":"<!-- This site is optimized with the Yoast SEO plugin v27.4 - https:\/\/yoast.com\/product\/yoast-seo-wordpress\/ -->\n<title>Rinc\u00f3n de Juegos para viajar - El Prisma de Fer<\/title>\n<meta name=\"description\" content=\"Sumergite en los juegos de El Prisma de Fer: trivias, quizzes y desaf\u00edos de preguntas y respuestas para los que amamos viajar.\" \/>\n<meta name=\"robots\" content=\"index, follow, max-snippet:-1, max-image-preview:large, max-video-preview:-1\" \/>\n<link rel=\"canonical\" href=\"https:\/\/elprismadefer.com\/en\/rincon-de-juegos-para-viajar\/\" \/>\n<meta property=\"og:locale\" content=\"en_US\" \/>\n<meta property=\"og:type\" content=\"article\" \/>\n<meta property=\"og:title\" content=\"Rinc\u00f3n de Juegos para viajar - El Prisma de Fer\" \/>\n<meta property=\"og:description\" content=\"Sumergite en los juegos de El Prisma de Fer: trivias, quizzes y desaf\u00edos de preguntas y respuestas para los que amamos viajar.\" \/>\n<meta property=\"og:url\" content=\"https:\/\/elprismadefer.com\/en\/rincon-de-juegos-para-viajar\/\" \/>\n<meta property=\"og:site_name\" content=\"El Prisma de Fer\" \/>\n<meta property=\"article:modified_time\" content=\"2025-10-25T14:35:32+00:00\" \/>\n<meta property=\"og:image\" content=\"https:\/\/elprismadefer.com\/wp-content\/uploads\/2025\/07\/home-juegos.jpg\" \/>\n\t<meta property=\"og:image:width\" content=\"1300\" \/>\n\t<meta property=\"og:image:height\" content=\"738\" \/>\n\t<meta property=\"og:image:type\" content=\"image\/jpeg\" \/>\n<meta name=\"twitter:card\" content=\"summary_large_image\" \/>\n<meta name=\"twitter:site\" content=\"@prismaDeFer\" \/>\n<meta name=\"twitter:label1\" content=\"Est. reading time\" \/>\n\t<meta name=\"twitter:data1\" content=\"2 minutes\" \/>\n<script type=\"application\/ld+json\" class=\"yoast-schema-graph\">{\"@context\":\"https:\\\/\\\/schema.org\",\"@graph\":[{\"@type\":\"WebPage\",\"@id\":\"https:\\\/\\\/elprismadefer.com\\\/rincon-de-juegos-para-viajar\\\/\",\"url\":\"https:\\\/\\\/elprismadefer.com\\\/rincon-de-juegos-para-viajar\\\/\",\"name\":\"Rinc\u00f3n de Juegos para viajar - El Prisma de Fer\",\"isPartOf\":{\"@id\":\"https:\\\/\\\/elprismadefer.com\\\/#website\"},\"primaryImageOfPage\":{\"@id\":\"https:\\\/\\\/elprismadefer.com\\\/rincon-de-juegos-para-viajar\\\/#primaryimage\"},\"image\":{\"@id\":\"https:\\\/\\\/elprismadefer.com\\\/rincon-de-juegos-para-viajar\\\/#primaryimage\"},\"thumbnailUrl\":\"https:\\\/\\\/elprismadefer.com\\\/wp-content\\\/uploads\\\/2025\\\/07\\\/home-juegos.jpg\",\"datePublished\":\"2025-07-28T04:06:19+00:00\",\"dateModified\":\"2025-10-25T14:35:32+00:00\",\"description\":\"Immerse yourself in El Prisma de Fer's games: trivia, quizzes, and question-and-answer challenges for those of us who love to travel.\",\"breadcrumb\":{\"@id\":\"https:\\\/\\\/elprismadefer.com\\\/rincon-de-juegos-para-viajar\\\/#breadcrumb\"},\"inLanguage\":\"en-US\",\"potentialAction\":[{\"@type\":\"ReadAction\",\"target\":[\"https:\\\/\\\/elprismadefer.com\\\/rincon-de-juegos-para-viajar\\\/\"]}],\"headline\":\"Travel Games Corner\"},{\"@type\":\"ImageObject\",\"inLanguage\":\"en-US\",\"@id\":\"https:\\\/\\\/elprismadefer.com\\\/rincon-de-juegos-para-viajar\\\/#primaryimage\",\"url\":\"https:\\\/\\\/elprismadefer.com\\\/wp-content\\\/uploads\\\/2025\\\/07\\\/home-juegos.jpg\",\"contentUrl\":\"https:\\\/\\\/elprismadefer.com\\\/wp-content\\\/uploads\\\/2025\\\/07\\\/home-juegos.jpg\",\"width\":1300,\"height\":738,\"caption\":\"Foto destacada para la pagina de juegos\"},{\"@type\":\"BreadcrumbList\",\"@id\":\"https:\\\/\\\/elprismadefer.com\\\/rincon-de-juegos-para-viajar\\\/#breadcrumb\",\"itemListElement\":[{\"@type\":\"ListItem\",\"position\":1,\"name\":\"Inicio\",\"item\":\"https:\\\/\\\/elprismadefer.com\\\/\"},{\"@type\":\"ListItem\",\"position\":2,\"name\":\"Rinc\u00f3n de Juegos para viajar\"}]},{\"@type\":\"WebSite\",\"@id\":\"https:\\\/\\\/elprismadefer.com\\\/#website\",\"url\":\"https:\\\/\\\/elprismadefer.com\\\/\",\"name\":\"El Prisma de Fer\",\"description\":\"Blog de viajes\",\"publisher\":{\"@id\":\"https:\\\/\\\/elprismadefer.com\\\/#\\\/schema\\\/person\\\/7e3e4fb7491a837023acaddd2ac658d7\"},\"potentialAction\":[{\"@type\":\"SearchAction\",\"target\":{\"@type\":\"EntryPoint\",\"urlTemplate\":\"https:\\\/\\\/elprismadefer.com\\\/?s={search_term_string}\"},\"query-input\":{\"@type\":\"PropertyValueSpecification\",\"valueRequired\":true,\"valueName\":\"search_term_string\"}}],\"inLanguage\":\"en-US\"},{\"@type\":\"Person\",\"@id\":\"https:\\\/\\\/elprismadefer.com\\\/#\\\/schema\\\/person\\\/7e3e4fb7491a837023acaddd2ac658d7\",\"name\":\"Fernando\",\"image\":{\"@type\":\"ImageObject\",\"inLanguage\":\"en-US\",\"@id\":\"https:\\\/\\\/elprismadefer.com\\\/wp-content\\\/uploads\\\/2025\\\/10\\\/blog_khiva31_home.webp\",\"url\":\"https:\\\/\\\/elprismadefer.com\\\/wp-content\\\/uploads\\\/2025\\\/10\\\/blog_khiva31_home.webp\",\"contentUrl\":\"https:\\\/\\\/elprismadefer.com\\\/wp-content\\\/uploads\\\/2025\\\/10\\\/blog_khiva31_home.webp\",\"width\":2000,\"height\":900,\"caption\":\"Fernando\"},\"description\":\"Fernando is a full-stack developer and independent traveler with years of experience exploring diverse destinations around the world, especially in Asia. Among his most notable journeys is his trek along the Silk Road, from China to Turkey. Specializing in travel logistics in remote regions, he combines his analytical skills as a programmer with his field experience to create clear, precise guides accompanied by detailed maps. Through The Prism of Fer, he aims to make complex destinations accessible in a simple way, with firsthand, verified information based on real experiences.\",\"sameAs\":[\"https:\\\/\\\/www.elprismadefer.com\\\/\",\"https:\\\/\\\/www.instagram.com\\\/el.prisma.de.fer\",\"https:\\\/\\\/www.linkedin.com\\\/in\\\/fernando-ca\u00edno-9b67a51b\\\/\",\"https:\\\/\\\/ar.pinterest.com\\\/elPrismaDeFer\\\/\",\"https:\\\/\\\/x.com\\\/prismaDeFer\",\"https:\\\/\\\/www.youtube.com\\\/@elprismadefer\",\"https:\\\/\\\/www.tumblr.com\\\/blog\\\/elprismadefer-blog\",\"https:\\\/\\\/www.tiktok.com\\\/@el.prisma.de.fer\",\"https:\\\/\\\/mastodon.social\\\/@elPrismaDeFer\",\"https:\\\/\\\/bsky.app\\\/profile\\\/theprismoffer.bsky.social\",\"https:\\\/\\\/www.reddit.com\\\/user\\\/the_Prism_of_Fer\\\/\",\"https:\\\/\\\/www.quora.com\\\/profile\\\/The-Prism-of-Fer\",\"https:\\\/\\\/www.tripadvisor.com\\\/Profile\\\/elPrismaDeFer\",\"https:\\\/\\\/www.google.com\\\/maps\\\/contrib\\\/104813403271976363413\\\/reviews\\\/@-4.2707352,-22.364449,3z\\\/data=!3m1!4b1!4m3!8m2!3m1!1e1?entry=ttu&g_ep=EgoyMDI2MDMxMS4wIKXMDSoASAFQAw%3D%3D\"],\"jobTitle\":\"Full-stack Developer & Travel Blogger\",\"alternateName\":[\"The Prism of Fer\",\"El Prisma de Fer\"],\"url\":\"https:\\\/\\\/elprismadefer.com\\\/en\\\/sobre-el-prisma-de-fer\\\/\",\"knowsAbout\":[\"Travel Photography\",\"Independent travel in all Asia (Central, South, East, Southeast, Caucasus)\",\"Independent travel in South America\",\"Silk Road history and logistics\",\"Long-distance trekking and hiking\",\"Full-stack Web Development (React, PHP, MySQL)\",\"Search Engine Optimization (SEO) for Travel Blogs\"]}]}<\/script>\n<!-- \/ Yoast SEO plugin. -->","yoast_head_json":{"title":"Rinc\u00f3n de Juegos para viajar - El Prisma de Fer","description":"Sumergite en los juegos de El Prisma de Fer: trivias, quizzes y desaf\u00edos de preguntas y respuestas para los que amamos viajar.","robots":{"index":"index","follow":"follow","max-snippet":"max-snippet:-1","max-image-preview":"max-image-preview:large","max-video-preview":"max-video-preview:-1"},"canonical":"https:\/\/elprismadefer.com\/en\/rincon-de-juegos-para-viajar\/","og_locale":"en_US","og_type":"article","og_title":"Rinc\u00f3n de Juegos para viajar - El Prisma de Fer","og_description":"Sumergite en los juegos de El Prisma de Fer: trivias, quizzes y desaf\u00edos de preguntas y respuestas para los que amamos viajar.","og_url":"https:\/\/elprismadefer.com\/en\/rincon-de-juegos-para-viajar\/","og_site_name":"El Prisma de Fer","article_modified_time":"2025-10-25T14:35:32+00:00","og_image":[{"width":1300,"height":738,"url":"https:\/\/elprismadefer.com\/wp-content\/uploads\/2025\/07\/home-juegos.jpg","type":"image\/jpeg"}],"twitter_card":"summary_large_image","twitter_site":"@prismaDeFer","twitter_misc":{"Est. reading time":"2 minutes"},"schema":{"@context":"https:\/\/schema.org","@graph":[{"@type":"WebPage","@id":"https:\/\/elprismadefer.com\/rincon-de-juegos-para-viajar\/","url":"https:\/\/elprismadefer.com\/rincon-de-juegos-para-viajar\/","name":"Rinc\u00f3n de Juegos para viajar - El Prisma de Fer","isPartOf":{"@id":"https:\/\/elprismadefer.com\/#website"},"primaryImageOfPage":{"@id":"https:\/\/elprismadefer.com\/rincon-de-juegos-para-viajar\/#primaryimage"},"image":{"@id":"https:\/\/elprismadefer.com\/rincon-de-juegos-para-viajar\/#primaryimage"},"thumbnailUrl":"https:\/\/elprismadefer.com\/wp-content\/uploads\/2025\/07\/home-juegos.jpg","datePublished":"2025-07-28T04:06:19+00:00","dateModified":"2025-10-25T14:35:32+00:00","description":"Immerse yourself in El Prisma de Fer's games: trivia, quizzes, and question-and-answer challenges for those of us who love to travel.","breadcrumb":{"@id":"https:\/\/elprismadefer.com\/rincon-de-juegos-para-viajar\/#breadcrumb"},"inLanguage":"en-US","potentialAction":[{"@type":"ReadAction","target":["https:\/\/elprismadefer.com\/rincon-de-juegos-para-viajar\/"]}],"headline":"Travel Games Corner"},{"@type":"ImageObject","inLanguage":"en-US","@id":"https:\/\/elprismadefer.com\/rincon-de-juegos-para-viajar\/#primaryimage","url":"https:\/\/elprismadefer.com\/wp-content\/uploads\/2025\/07\/home-juegos.jpg","contentUrl":"https:\/\/elprismadefer.com\/wp-content\/uploads\/2025\/07\/home-juegos.jpg","width":1300,"height":738,"caption":"Foto destacada para la pagina de juegos"},{"@type":"BreadcrumbList","@id":"https:\/\/elprismadefer.com\/rincon-de-juegos-para-viajar\/#breadcrumb","itemListElement":[{"@type":"ListItem","position":1,"name":"Inicio","item":"https:\/\/elprismadefer.com\/"},{"@type":"ListItem","position":2,"name":"Rinc\u00f3n de Juegos para viajar"}]},{"@type":"WebSite","@id":"https:\/\/elprismadefer.com\/#website","url":"https:\/\/elprismadefer.com\/","name":"The Prism of Fer","description":"Blog de viajes","publisher":{"@id":"https:\/\/elprismadefer.com\/#\/schema\/person\/7e3e4fb7491a837023acaddd2ac658d7"},"potentialAction":[{"@type":"SearchAction","target":{"@type":"EntryPoint","urlTemplate":"https:\/\/elprismadefer.com\/?s={search_term_string}"},"query-input":{"@type":"PropertyValueSpecification","valueRequired":true,"valueName":"search_term_string"}}],"inLanguage":"en-US"},{"@type":"Person","@id":"https:\/\/elprismadefer.com\/#\/schema\/person\/7e3e4fb7491a837023acaddd2ac658d7","name":"Fernando","image":{"@type":"ImageObject","inLanguage":"en-US","@id":"https:\/\/elprismadefer.com\/wp-content\/uploads\/2025\/10\/blog_khiva31_home.webp","url":"https:\/\/elprismadefer.com\/wp-content\/uploads\/2025\/10\/blog_khiva31_home.webp","contentUrl":"https:\/\/elprismadefer.com\/wp-content\/uploads\/2025\/10\/blog_khiva31_home.webp","width":2000,"height":900,"caption":"Fernando"},"description":"Fernando is a full-stack developer and independent traveler with years of experience exploring diverse destinations around the world, especially in Asia. Among his most notable journeys is his trek along the Silk Road, from China to Turkey. Specializing in travel logistics in remote regions, he combines his analytical skills as a programmer with his field experience to create clear, precise guides accompanied by detailed maps. Through The Prism of Fer, he aims to make complex destinations accessible in a simple way, with firsthand, verified information based on real experiences.","sameAs":["https:\/\/www.elprismadefer.com\/","https:\/\/www.instagram.com\/el.prisma.de.fer","https:\/\/www.linkedin.com\/in\/fernando-ca\u00edno-9b67a51b\/","https:\/\/ar.pinterest.com\/elPrismaDeFer\/","https:\/\/x.com\/prismaDeFer","https:\/\/www.youtube.com\/@elprismadefer","https:\/\/www.tumblr.com\/blog\/elprismadefer-blog","https:\/\/www.tiktok.com\/@el.prisma.de.fer","https:\/\/mastodon.social\/@elPrismaDeFer","https:\/\/bsky.app\/profile\/theprismoffer.bsky.social","https:\/\/www.reddit.com\/user\/the_Prism_of_Fer\/","https:\/\/www.quora.com\/profile\/The-Prism-of-Fer","https:\/\/www.tripadvisor.com\/Profile\/elPrismaDeFer","https:\/\/www.google.com\/maps\/contrib\/104813403271976363413\/reviews\/@-4.2707352,-22.364449,3z\/data=!3m1!4b1!4m3!8m2!3m1!1e1?entry=ttu&g_ep=EgoyMDI2MDMxMS4wIKXMDSoASAFQAw%3D%3D"],"jobTitle":"Full-stack Developer & Travel Blogger","alternateName":["The Prism of Fer","El Prisma de Fer"],"url":"https:\/\/elprismadefer.com\/en\/sobre-el-prisma-de-fer\/","knowsAbout":["Travel Photography","Independent travel in all Asia (Central, South, East, Southeast, Caucasus)","Independent travel in South America","Silk Road history and logistics","Long-distance trekking and hiking","Full-stack Web Development (React, PHP, MySQL)","Search Engine Optimization (SEO) for Travel Blogs"]}]}},"rttpg_featured_image_url":{"full":["https:\/\/elprismadefer.com\/wp-content\/uploads\/2025\/07\/home-juegos.jpg",1300,738,false],"landscape":["https:\/\/elprismadefer.com\/wp-content\/uploads\/2025\/07\/home-juegos.jpg",1300,738,false],"portraits":["https:\/\/elprismadefer.com\/wp-content\/uploads\/2025\/07\/home-juegos.jpg",1300,738,false],"thumbnail":["https:\/\/elprismadefer.com\/wp-content\/uploads\/2025\/07\/home-juegos-150x150.jpg",150,150,true],"medium":["https:\/\/elprismadefer.com\/wp-content\/uploads\/2025\/07\/home-juegos-600x341.jpg",600,341,true],"large":["https:\/\/elprismadefer.com\/wp-content\/uploads\/2025\/07\/home-juegos-800x454.jpg",640,363,true],"1536x1536":["https:\/\/elprismadefer.com\/wp-content\/uploads\/2025\/07\/home-juegos.jpg",1300,738,false],"2048x2048":["https:\/\/elprismadefer.com\/wp-content\/uploads\/2025\/07\/home-juegos.jpg",1300,738,false],"fascinate-thumbnail-one":["https:\/\/elprismadefer.com\/wp-content\/uploads\/2025\/07\/home-juegos-800x450.jpg",800,450,true],"fascinate-thumbnail-two":["https:\/\/elprismadefer.com\/wp-content\/uploads\/2025\/07\/home-juegos-450x450.jpg",450,450,true],"fascinate-thumbnail-small":["https:\/\/elprismadefer.com\/wp-content\/uploads\/2025\/07\/home-juegos-400x225.jpg",400,225,true]},"rttpg_author":{"display_name":"Fernando","author_link":"https:\/\/elprismadefer.com\/en\/sobre-el-prisma-de-fer\/"},"rttpg_comment":0,"rttpg_category":null,"rttpg_excerpt":"Bienvenido a esta secci\u00f3n que decid\u00ed llamar el &#8220;El Rinc\u00f3n de Juegos&#8221; de el Prisma de Fer. Aqu\u00ed, la creatividad se une a la diversi\u00f3n para dar vida a un...","_links":{"self":[{"href":"https:\/\/elprismadefer.com\/en\/wp-json\/wp\/v2\/pages\/33375","targetHints":{"allow":["GET"]}}],"collection":[{"href":"https:\/\/elprismadefer.com\/en\/wp-json\/wp\/v2\/pages"}],"about":[{"href":"https:\/\/elprismadefer.com\/en\/wp-json\/wp\/v2\/types\/page"}],"author":[{"embeddable":true,"href":"https:\/\/elprismadefer.com\/en\/wp-json\/wp\/v2\/users\/1"}],"replies":[{"embeddable":true,"href":"https:\/\/elprismadefer.com\/en\/wp-json\/wp\/v2\/comments?post=33375"}],"version-history":[{"count":2,"href":"https:\/\/elprismadefer.com\/en\/wp-json\/wp\/v2\/pages\/33375\/revisions"}],"predecessor-version":[{"id":41685,"href":"https:\/\/elprismadefer.com\/en\/wp-json\/wp\/v2\/pages\/33375\/revisions\/41685"}],"wp:featuredmedia":[{"embeddable":true,"href":"https:\/\/elprismadefer.com\/en\/wp-json\/wp\/v2\/media\/33403"}],"wp:attachment":[{"href":"https:\/\/elprismadefer.com\/en\/wp-json\/wp\/v2\/media?parent=33375"}],"curies":[{"name":"wp","href":"https:\/\/api.w.org\/{rel}","templated":true}]}}