{"id":15145,"date":"2025-05-05T17:50:11","date_gmt":"2025-05-05T20:50:11","guid":{"rendered":"https:\/\/elprismadefer.com\/?page_id=15145"},"modified":"2025-05-21T23:54:46","modified_gmt":"2025-05-22T02:54:46","slug":"directorio-de-blogs-de-viajes","status":"publish","type":"page","link":"https:\/\/elprismadefer.com\/en\/directorio-de-blogs-de-viajes\/","title":{"rendered":"Travel Blog Directory"},"content":{"rendered":"<p>The world is full of travelers with incredible stories, useful tips, and unique experiences. On this page, you'll find a list of travel blogs I follow and recommend. From avid backpackers to traveling families and digital nomads, each blog has something special to offer.<\/p>\n\n\n\n<p>Do you have a travel blog you also love (or your own)? Write to me, I'd love to hear new travel voices and continue expanding this list.<\/p>\n\n\n\n<h2 class=\"wp-block-heading\">Travel Blogs<\/h2>\n\n\n\n<ul class=\"wp-block-list\">\n<li class=\"translation-block\"><a href=\"https:\/\/bookmarktravel.com\/travel-directory\/\" target=\"_blank\" rel=\"noopener\">bookmarktravel.com<\/a> \u2013 A comprehensive directory of all things travel.<\/li>\n\n\n\n<li><a href=\"https:\/\/www.justonefortheroad.com\/travel-blogger-directory\/\" target=\"_blank\" rel=\"noreferrer noopener\">Just one for the road<\/a><\/li>\n\n\n\n<li><a href=\"https:\/\/travelbloggersguide.com\/\" target=\"_blank\" rel=\"noreferrer noopener\">TravelBloggersGuide<\/a><\/li>\n<\/ul>\n\n\n\n<p><\/p>","protected":false},"excerpt":{"rendered":"<p>El mundo est\u00e1 lleno de viajeros con historias incre\u00edbles, consejos \u00fatiles y experiencias \u00fanicas. En esta p\u00e1gina encontrar\u00e1s un listado de blogs de viaje que sigo y recomiendo. Desde mochileros&#8230;<\/p>","protected":false},"author":1,"featured_media":0,"parent":0,"menu_order":0,"comment_status":"closed","ping_status":"closed","template":"","meta":{"_mo_disable_npp":"","footnotes":""},"class_list":["post-15145","page","type-page","status-publish","hentry"],"yoast_head":"<!-- This site is optimized with the Yoast SEO plugin v27.4 - https:\/\/yoast.com\/product\/yoast-seo-wordpress\/ -->\n<title>Directorio de Blogs de Viajes - El Prisma de Fer<\/title>\n<meta name=\"description\" content=\"El mundo est\u00e1 lleno de viajeros con historias incre\u00edbles. En esta p\u00e1gina encontrar\u00e1s un listado de blogs de viaje que sigo.\" \/>\n<meta name=\"robots\" content=\"noindex, follow\" \/>\n<meta property=\"og:locale\" content=\"en_US\" \/>\n<meta property=\"og:type\" content=\"article\" \/>\n<meta property=\"og:title\" content=\"Directorio de Blogs de Viajes - El Prisma de Fer\" \/>\n<meta property=\"og:description\" content=\"El mundo est\u00e1 lleno de viajeros con historias incre\u00edbles. En esta p\u00e1gina encontrar\u00e1s un listado de blogs de viaje que sigo.\" \/>\n<meta property=\"og:url\" content=\"https:\/\/elprismadefer.com\/en\/directorio-de-blogs-de-viajes\/\" \/>\n<meta property=\"og:site_name\" content=\"El Prisma de Fer\" \/>\n<meta property=\"article:modified_time\" content=\"2025-05-22T02:54:46+00:00\" \/>\n<meta name=\"twitter:card\" content=\"summary_large_image\" \/>\n<meta name=\"twitter:site\" content=\"@prismaDeFer\" \/>\n<meta name=\"twitter:label1\" content=\"Est. reading time\" \/>\n\t<meta name=\"twitter:data1\" content=\"1 minute\" \/>\n<script type=\"application\/ld+json\" class=\"yoast-schema-graph\">{\"@context\":\"https:\\\/\\\/schema.org\",\"@graph\":[{\"@type\":\"WebPage\",\"@id\":\"https:\\\/\\\/elprismadefer.com\\\/directorio-de-blogs-de-viajes\\\/\",\"url\":\"https:\\\/\\\/elprismadefer.com\\\/directorio-de-blogs-de-viajes\\\/\",\"name\":\"Directorio de Blogs de Viajes - El Prisma de Fer\",\"isPartOf\":{\"@id\":\"https:\\\/\\\/elprismadefer.com\\\/#website\"},\"datePublished\":\"2025-05-05T20:50:11+00:00\",\"dateModified\":\"2025-05-22T02:54:46+00:00\",\"description\":\"The world is full of travelers with incredible stories, useful tips, and unique experiences. On this page, you'll find a list of travel blogs I follow and recommend.\",\"breadcrumb\":{\"@id\":\"https:\\\/\\\/elprismadefer.com\\\/directorio-de-blogs-de-viajes\\\/#breadcrumb\"},\"inLanguage\":\"en-US\",\"potentialAction\":[{\"@type\":\"ReadAction\",\"target\":[\"https:\\\/\\\/elprismadefer.com\\\/directorio-de-blogs-de-viajes\\\/\"]}],\"headline\":\"Travel Blogs Directory\"},{\"@type\":\"BreadcrumbList\",\"@id\":\"https:\\\/\\\/elprismadefer.com\\\/directorio-de-blogs-de-viajes\\\/#breadcrumb\",\"itemListElement\":[{\"@type\":\"ListItem\",\"position\":1,\"name\":\"Inicio\",\"item\":\"https:\\\/\\\/elprismadefer.com\\\/\"},{\"@type\":\"ListItem\",\"position\":2,\"name\":\"Directorio de Blogs de Viajes\"}]},{\"@type\":\"WebSite\",\"@id\":\"https:\\\/\\\/elprismadefer.com\\\/#website\",\"url\":\"https:\\\/\\\/elprismadefer.com\\\/\",\"name\":\"El Prisma de Fer\",\"description\":\"Blog de viajes\",\"publisher\":{\"@id\":\"https:\\\/\\\/elprismadefer.com\\\/#\\\/schema\\\/person\\\/7e3e4fb7491a837023acaddd2ac658d7\"},\"potentialAction\":[{\"@type\":\"SearchAction\",\"target\":{\"@type\":\"EntryPoint\",\"urlTemplate\":\"https:\\\/\\\/elprismadefer.com\\\/?s={search_term_string}\"},\"query-input\":{\"@type\":\"PropertyValueSpecification\",\"valueRequired\":true,\"valueName\":\"search_term_string\"}}],\"inLanguage\":\"en-US\"},{\"@type\":\"Person\",\"@id\":\"https:\\\/\\\/elprismadefer.com\\\/#\\\/schema\\\/person\\\/7e3e4fb7491a837023acaddd2ac658d7\",\"name\":\"Fernando\",\"image\":{\"@type\":\"ImageObject\",\"inLanguage\":\"en-US\",\"@id\":\"https:\\\/\\\/elprismadefer.com\\\/wp-content\\\/uploads\\\/2025\\\/10\\\/blog_khiva31_home.webp\",\"url\":\"https:\\\/\\\/elprismadefer.com\\\/wp-content\\\/uploads\\\/2025\\\/10\\\/blog_khiva31_home.webp\",\"contentUrl\":\"https:\\\/\\\/elprismadefer.com\\\/wp-content\\\/uploads\\\/2025\\\/10\\\/blog_khiva31_home.webp\",\"width\":2000,\"height\":900,\"caption\":\"Fernando\"},\"description\":\"Fernando is a full-stack developer and independent traveler with years of experience exploring diverse destinations around the world, especially in Asia. Among his most notable journeys is his trek along the Silk Road, from China to Turkey. Specializing in travel logistics in remote regions, he combines his analytical skills as a programmer with his field experience to create clear, precise guides accompanied by detailed maps. Through The Prism of Fer, he aims to make complex destinations accessible in a simple way, with firsthand, verified information based on real experiences.\",\"sameAs\":[\"https:\\\/\\\/www.elprismadefer.com\\\/\",\"https:\\\/\\\/www.instagram.com\\\/el.prisma.de.fer\",\"https:\\\/\\\/www.linkedin.com\\\/in\\\/fernando-ca\u00edno-9b67a51b\\\/\",\"https:\\\/\\\/ar.pinterest.com\\\/elPrismaDeFer\\\/\",\"https:\\\/\\\/x.com\\\/prismaDeFer\",\"https:\\\/\\\/www.youtube.com\\\/@elprismadefer\",\"https:\\\/\\\/www.tumblr.com\\\/blog\\\/elprismadefer-blog\",\"https:\\\/\\\/www.tiktok.com\\\/@el.prisma.de.fer\",\"https:\\\/\\\/mastodon.social\\\/@elPrismaDeFer\",\"https:\\\/\\\/bsky.app\\\/profile\\\/theprismoffer.bsky.social\",\"https:\\\/\\\/www.reddit.com\\\/user\\\/the_Prism_of_Fer\\\/\",\"https:\\\/\\\/www.quora.com\\\/profile\\\/The-Prism-of-Fer\",\"https:\\\/\\\/www.tripadvisor.com\\\/Profile\\\/elPrismaDeFer\",\"https:\\\/\\\/www.google.com\\\/maps\\\/contrib\\\/104813403271976363413\\\/reviews\\\/@-4.2707352,-22.364449,3z\\\/data=!3m1!4b1!4m3!8m2!3m1!1e1?entry=ttu&g_ep=EgoyMDI2MDMxMS4wIKXMDSoASAFQAw%3D%3D\"],\"jobTitle\":\"Full-stack Developer & Travel Blogger\",\"alternateName\":[\"The Prism of Fer\",\"El Prisma de Fer\"],\"url\":\"https:\\\/\\\/elprismadefer.com\\\/en\\\/sobre-el-prisma-de-fer\\\/\",\"knowsAbout\":[\"Travel Photography\",\"Independent travel in all Asia (Central, South, East, Southeast, Caucasus)\",\"Independent travel in South America\",\"Silk Road history and logistics\",\"Long-distance trekking and hiking\",\"Full-stack Web Development (React, PHP, MySQL)\",\"Search Engine Optimization (SEO) for Travel Blogs\"]}]}<\/script>\n<!-- \/ Yoast SEO plugin. -->","yoast_head_json":{"title":"Directorio de Blogs de Viajes - El Prisma de Fer","description":"El mundo est\u00e1 lleno de viajeros con historias incre\u00edbles. En esta p\u00e1gina encontrar\u00e1s un listado de blogs de viaje que sigo.","robots":{"index":"noindex","follow":"follow"},"og_locale":"en_US","og_type":"article","og_title":"Directorio de Blogs de Viajes - El Prisma de Fer","og_description":"El mundo est\u00e1 lleno de viajeros con historias incre\u00edbles. En esta p\u00e1gina encontrar\u00e1s un listado de blogs de viaje que sigo.","og_url":"https:\/\/elprismadefer.com\/en\/directorio-de-blogs-de-viajes\/","og_site_name":"El Prisma de Fer","article_modified_time":"2025-05-22T02:54:46+00:00","twitter_card":"summary_large_image","twitter_site":"@prismaDeFer","twitter_misc":{"Est. reading time":"1 minute"},"schema":{"@context":"https:\/\/schema.org","@graph":[{"@type":"WebPage","@id":"https:\/\/elprismadefer.com\/directorio-de-blogs-de-viajes\/","url":"https:\/\/elprismadefer.com\/directorio-de-blogs-de-viajes\/","name":"Directorio de Blogs de Viajes - El Prisma de Fer","isPartOf":{"@id":"https:\/\/elprismadefer.com\/#website"},"datePublished":"2025-05-05T20:50:11+00:00","dateModified":"2025-05-22T02:54:46+00:00","description":"The world is full of travelers with incredible stories, useful tips, and unique experiences. On this page, you'll find a list of travel blogs I follow and recommend.","breadcrumb":{"@id":"https:\/\/elprismadefer.com\/directorio-de-blogs-de-viajes\/#breadcrumb"},"inLanguage":"en-US","potentialAction":[{"@type":"ReadAction","target":["https:\/\/elprismadefer.com\/directorio-de-blogs-de-viajes\/"]}],"headline":"Travel Blogs Directory"},{"@type":"BreadcrumbList","@id":"https:\/\/elprismadefer.com\/directorio-de-blogs-de-viajes\/#breadcrumb","itemListElement":[{"@type":"ListItem","position":1,"name":"Inicio","item":"https:\/\/elprismadefer.com\/"},{"@type":"ListItem","position":2,"name":"Directorio de Blogs de Viajes"}]},{"@type":"WebSite","@id":"https:\/\/elprismadefer.com\/#website","url":"https:\/\/elprismadefer.com\/","name":"The Prism of Fer","description":"Blog de viajes","publisher":{"@id":"https:\/\/elprismadefer.com\/#\/schema\/person\/7e3e4fb7491a837023acaddd2ac658d7"},"potentialAction":[{"@type":"SearchAction","target":{"@type":"EntryPoint","urlTemplate":"https:\/\/elprismadefer.com\/?s={search_term_string}"},"query-input":{"@type":"PropertyValueSpecification","valueRequired":true,"valueName":"search_term_string"}}],"inLanguage":"en-US"},{"@type":"Person","@id":"https:\/\/elprismadefer.com\/#\/schema\/person\/7e3e4fb7491a837023acaddd2ac658d7","name":"Fernando","image":{"@type":"ImageObject","inLanguage":"en-US","@id":"https:\/\/elprismadefer.com\/wp-content\/uploads\/2025\/10\/blog_khiva31_home.webp","url":"https:\/\/elprismadefer.com\/wp-content\/uploads\/2025\/10\/blog_khiva31_home.webp","contentUrl":"https:\/\/elprismadefer.com\/wp-content\/uploads\/2025\/10\/blog_khiva31_home.webp","width":2000,"height":900,"caption":"Fernando"},"description":"Fernando is a full-stack developer and independent traveler with years of experience exploring diverse destinations around the world, especially in Asia. Among his most notable journeys is his trek along the Silk Road, from China to Turkey. Specializing in travel logistics in remote regions, he combines his analytical skills as a programmer with his field experience to create clear, precise guides accompanied by detailed maps. Through The Prism of Fer, he aims to make complex destinations accessible in a simple way, with firsthand, verified information based on real experiences.","sameAs":["https:\/\/www.elprismadefer.com\/","https:\/\/www.instagram.com\/el.prisma.de.fer","https:\/\/www.linkedin.com\/in\/fernando-ca\u00edno-9b67a51b\/","https:\/\/ar.pinterest.com\/elPrismaDeFer\/","https:\/\/x.com\/prismaDeFer","https:\/\/www.youtube.com\/@elprismadefer","https:\/\/www.tumblr.com\/blog\/elprismadefer-blog","https:\/\/www.tiktok.com\/@el.prisma.de.fer","https:\/\/mastodon.social\/@elPrismaDeFer","https:\/\/bsky.app\/profile\/theprismoffer.bsky.social","https:\/\/www.reddit.com\/user\/the_Prism_of_Fer\/","https:\/\/www.quora.com\/profile\/The-Prism-of-Fer","https:\/\/www.tripadvisor.com\/Profile\/elPrismaDeFer","https:\/\/www.google.com\/maps\/contrib\/104813403271976363413\/reviews\/@-4.2707352,-22.364449,3z\/data=!3m1!4b1!4m3!8m2!3m1!1e1?entry=ttu&g_ep=EgoyMDI2MDMxMS4wIKXMDSoASAFQAw%3D%3D"],"jobTitle":"Full-stack Developer & Travel Blogger","alternateName":["The Prism of Fer","El Prisma de Fer"],"url":"https:\/\/elprismadefer.com\/en\/sobre-el-prisma-de-fer\/","knowsAbout":["Travel Photography","Independent travel in all Asia (Central, South, East, Southeast, Caucasus)","Independent travel in South America","Silk Road history and logistics","Long-distance trekking and hiking","Full-stack Web Development (React, PHP, MySQL)","Search Engine Optimization (SEO) for Travel Blogs"]}]}},"rttpg_featured_image_url":null,"rttpg_author":{"display_name":"Fernando","author_link":"https:\/\/elprismadefer.com\/en\/sobre-el-prisma-de-fer\/"},"rttpg_comment":0,"rttpg_category":null,"rttpg_excerpt":"El mundo est\u00e1 lleno de viajeros con historias incre\u00edbles, consejos \u00fatiles y experiencias \u00fanicas. En esta p\u00e1gina encontrar\u00e1s un listado de blogs de viaje que sigo y recomiendo. Desde mochileros...","_links":{"self":[{"href":"https:\/\/elprismadefer.com\/en\/wp-json\/wp\/v2\/pages\/15145","targetHints":{"allow":["GET"]}}],"collection":[{"href":"https:\/\/elprismadefer.com\/en\/wp-json\/wp\/v2\/pages"}],"about":[{"href":"https:\/\/elprismadefer.com\/en\/wp-json\/wp\/v2\/types\/page"}],"author":[{"embeddable":true,"href":"https:\/\/elprismadefer.com\/en\/wp-json\/wp\/v2\/users\/1"}],"replies":[{"embeddable":true,"href":"https:\/\/elprismadefer.com\/en\/wp-json\/wp\/v2\/comments?post=15145"}],"version-history":[{"count":0,"href":"https:\/\/elprismadefer.com\/en\/wp-json\/wp\/v2\/pages\/15145\/revisions"}],"wp:attachment":[{"href":"https:\/\/elprismadefer.com\/en\/wp-json\/wp\/v2\/media?parent=15145"}],"curies":[{"name":"wp","href":"https:\/\/api.w.org\/{rel}","templated":true}]}}